{"id":113,"date":"2014-12-09T22:33:37","date_gmt":"2014-12-09T20:33:37","guid":{"rendered":"http:\/\/www.manigoo.com\/events\/?page_id=113"},"modified":"2015-02-25T16:49:28","modified_gmt":"2015-02-25T14:49:28","slug":"kuenstler-2","status":"publish","type":"page","link":"https:\/\/www.manigoo.com\/events\/kuenstler-2\/","title":{"rendered":"K\u00fcnstler"},"content":{"rendered":"[vc_row][vc_column width=&#8220;1\/1&#8243;][vc_single_image border_color=&#8220;grey&#8220; img_link_target=&#8220;_self&#8220; image=&#8220;343&#8243; alignment=&#8220;none&#8220;][\/vc_column][\/vc_row][vc_row][vc_column width=&#8220;1\/3&#8243;][vc_single_image border_color=&#8220;grey&#8220; img_link_target=&#8220;_self&#8220; image=&#8220;229&#8243; alignment=&#8220;none&#8220; img_filter=&#8220;grayscale&#8220;][vc_column_text]Performing Artists[\/vc_column_text][\/vc_column][vc_column width=&#8220;1\/3&#8243;][vc_single_image border_color=&#8220;grey&#8220; img_link_target=&#8220;_self&#8220; image=&#8220;345&#8243; alignment=&#8220;none&#8220; img_filter=&#8220;grayscale&#8220;][vc_column_text]Schattent\u00e4nzer[\/vc_column_text][\/vc_column][vc_column width=&#8220;1\/3&#8243;][vc_single_image border_color=&#8220;grey&#8220; img_link_target=&#8220;_self&#8220; image=&#8220;231&#8243; alignment=&#8220;none&#8220; img_filter=&#8220;grayscale&#8220;][vc_column_text]Kleine und gro\u00dfe Zauberk\u00fcnstler[\/vc_column_text][\/vc_column][\/vc_row][vc_row][vc_column width=&#8220;1\/3&#8243;][vc_single_image image=&#8220;411&#8243; border_color=&#8220;grey&#8220; img_link_target=&#8220;_self&#8220; alignment=&#8220;none&#8220;][vc_column_text]Videoclip T\u00e4nzer &amp; Statisten[\/vc_column_text][\/vc_column][vc_column width=&#8220;1\/3&#8243;][\/vc_column][vc_column width=&#8220;1\/3&#8243;][\/vc_column][\/vc_row][vc_row][vc_column width=&#8220;1\/1&#8243;][vc_column_text]Wir vertreten K\u00fcnstler aus den unterschiedlichsten Branchen. Vom Kinderschminken \u00fcber die Zauberei f\u00fcr klein und gross bis hin zu unseren T\u00e4nzern sind wir aufgestellt.[\/vc_column_text][\/vc_column][\/vc_row]\n","protected":false},"excerpt":{"rendered":"<p>[vc_row][vc_column width=&#8220;1\/1&#8243;][vc_single_image border_color=&#8220;grey&#8220; img_link_target=&#8220;_self&#8220; image=&#8220;343&#8243; alignment=&#8220;none&#8220;][\/vc_column][\/vc_row][vc_row][vc_column width=&#8220;1\/3&#8243;][vc_single_image border_color=&#8220;grey&#8220; img_link_target=&#8220;_self&#8220; image=&#8220;229&#8243; alignment=&#8220;none&#8220; img_filter=&#8220;grayscale&#8220;][vc_column_text]Performing Artists[\/vc_column_text][\/vc_column][vc_column width=&#8220;1\/3&#8243;][vc_single_image border_color=&#8220;grey&#8220; img_link_target=&#8220;_self&#8220; image=&#8220;345&#8243; alignment=&#8220;none&#8220; img_filter=&#8220;grayscale&#8220;][vc_column_text]Schattent\u00e4nzer[\/vc_column_text][\/vc_column][vc_column width=&#8220;1\/3&#8243;][vc_single_image border_color=&#8220;grey&#8220; img_link_target=&#8220;_self&#8220; image=&#8220;231&#8243; alignment=&#8220;none&#8220; img_filter=&#8220;grayscale&#8220;][vc_column_text]Kleine und gro\u00dfe Zauberk\u00fcnstler[\/vc_column_text][\/vc_column][\/vc_row][vc_row][vc_column width=&#8220;1\/3&#8243;][vc_single_image image=&#8220;411&#8243; border_color=&#8220;grey&#8220; img_link_target=&#8220;_self&#8220; alignment=&#8220;none&#8220;][vc_column_text]Videoclip T\u00e4nzer &amp; Statisten[\/vc_column_text][\/vc_column][vc_column width=&#8220;1\/3&#8243;][\/vc_column][vc_column width=&#8220;1\/3&#8243;][\/vc_column][\/vc_row][vc_row][vc_column width=&#8220;1\/1&#8243;][vc_column_text]Wir vertreten K\u00fcnstler aus den unterschiedlichsten Branchen. Vom Kinderschminken \u00fcber die Zauberei f\u00fcr klein und gross bis&hellip;<\/p>\n","protected":false},"author":3,"featured_media":0,"parent":0,"menu_order":0,"comment_status":"closed","ping_status":"closed","template":"","meta":{"footnotes":""},"class_list":["post-113","page","type-page","status-publish","hentry","entry","no-media"],"yoast_head":"<!-- This site is optimized with the Yoast SEO plugin v27.5 - https:\/\/yoast.com\/product\/yoast-seo-wordpress\/ -->\n<title>K\u00fcnstler - manigoo events<\/title>\n<meta name=\"robots\" content=\"index, follow, max-snippet:-1, max-image-preview:large, max-video-preview:-1\" \/>\n<link rel=\"canonical\" href=\"https:\/\/www.manigoo.com\/events\/kuenstler-2\/\" \/>\n<meta property=\"og:locale\" content=\"de_DE\" \/>\n<meta property=\"og:type\" content=\"article\" \/>\n<meta property=\"og:title\" content=\"K\u00fcnstler - manigoo events\" \/>\n<meta property=\"og:description\" content=\"[vc_row][vc_column width=&#8220;1\/1&#8243;][vc_single_image border_color=&#8220;grey&#8220; img_link_target=&#8220;_self&#8220; image=&#8220;343&#8243; alignment=&#8220;none&#8220;][\/vc_column][\/vc_row][vc_row][vc_column width=&#8220;1\/3&#8243;][vc_single_image border_color=&#8220;grey&#8220; img_link_target=&#8220;_self&#8220; image=&#8220;229&#8243; alignment=&#8220;none&#8220; img_filter=&#8220;grayscale&#8220;][vc_column_text]Performing Artists[\/vc_column_text][\/vc_column][vc_column width=&#8220;1\/3&#8243;][vc_single_image border_color=&#8220;grey&#8220; img_link_target=&#8220;_self&#8220; image=&#8220;345&#8243; alignment=&#8220;none&#8220; img_filter=&#8220;grayscale&#8220;][vc_column_text]Schattent\u00e4nzer[\/vc_column_text][\/vc_column][vc_column width=&#8220;1\/3&#8243;][vc_single_image border_color=&#8220;grey&#8220; img_link_target=&#8220;_self&#8220; image=&#8220;231&#8243; alignment=&#8220;none&#8220; img_filter=&#8220;grayscale&#8220;][vc_column_text]Kleine und gro\u00dfe Zauberk\u00fcnstler[\/vc_column_text][\/vc_column][\/vc_row][vc_row][vc_column width=&#8220;1\/3&#8243;][vc_single_image image=&#8220;411&#8243; border_color=&#8220;grey&#8220; img_link_target=&#8220;_self&#8220; alignment=&#8220;none&#8220;][vc_column_text]Videoclip T\u00e4nzer &amp; Statisten[\/vc_column_text][\/vc_column][vc_column width=&#8220;1\/3&#8243;][\/vc_column][vc_column width=&#8220;1\/3&#8243;][\/vc_column][\/vc_row][vc_row][vc_column width=&#8220;1\/1&#8243;][vc_column_text]Wir vertreten K\u00fcnstler aus den unterschiedlichsten Branchen. Vom Kinderschminken \u00fcber die Zauberei f\u00fcr klein und gross bis&hellip;\" \/>\n<meta property=\"og:url\" content=\"https:\/\/www.manigoo.com\/events\/kuenstler-2\/\" \/>\n<meta property=\"og:site_name\" content=\"manigoo events\" \/>\n<meta property=\"article:modified_time\" content=\"2015-02-25T14:49:28+00:00\" \/>\n<meta name=\"twitter:card\" content=\"summary_large_image\" \/>\n<meta name=\"twitter:label1\" content=\"Gesch\u00e4tzte Lesezeit\" \/>\n\t<meta name=\"twitter:data1\" content=\"1\u00a0Minute\" \/>\n<script type=\"application\/ld+json\" class=\"yoast-schema-graph\">{\"@context\":\"https:\\\/\\\/schema.org\",\"@graph\":[{\"@type\":\"WebPage\",\"@id\":\"https:\\\/\\\/www.manigoo.com\\\/events\\\/kuenstler-2\\\/\",\"url\":\"https:\\\/\\\/www.manigoo.com\\\/events\\\/kuenstler-2\\\/\",\"name\":\"K\u00fcnstler - manigoo events\",\"isPartOf\":{\"@id\":\"https:\\\/\\\/www.manigoo.com\\\/events\\\/#website\"},\"datePublished\":\"2014-12-09T20:33:37+00:00\",\"dateModified\":\"2015-02-25T14:49:28+00:00\",\"breadcrumb\":{\"@id\":\"https:\\\/\\\/www.manigoo.com\\\/events\\\/kuenstler-2\\\/#breadcrumb\"},\"inLanguage\":\"de\",\"potentialAction\":[{\"@type\":\"ReadAction\",\"target\":[\"https:\\\/\\\/www.manigoo.com\\\/events\\\/kuenstler-2\\\/\"]}]},{\"@type\":\"BreadcrumbList\",\"@id\":\"https:\\\/\\\/www.manigoo.com\\\/events\\\/kuenstler-2\\\/#breadcrumb\",\"itemListElement\":[{\"@type\":\"ListItem\",\"position\":1,\"name\":\"Startseite\",\"item\":\"https:\\\/\\\/www.manigoo.com\\\/events\\\/\"},{\"@type\":\"ListItem\",\"position\":2,\"name\":\"K\u00fcnstler\"}]},{\"@type\":\"WebSite\",\"@id\":\"https:\\\/\\\/www.manigoo.com\\\/events\\\/#website\",\"url\":\"https:\\\/\\\/www.manigoo.com\\\/events\\\/\",\"name\":\"MANIGOO Events\",\"description\":\"Events, Fashion Shows &amp; Event Professionals\",\"publisher\":{\"@id\":\"https:\\\/\\\/www.manigoo.com\\\/events\\\/#organization\"},\"alternateName\":\"MANIGOO\",\"potentialAction\":[{\"@type\":\"SearchAction\",\"target\":{\"@type\":\"EntryPoint\",\"urlTemplate\":\"https:\\\/\\\/www.manigoo.com\\\/events\\\/?s={search_term_string}\"},\"query-input\":{\"@type\":\"PropertyValueSpecification\",\"valueRequired\":true,\"valueName\":\"search_term_string\"}}],\"inLanguage\":\"de\"},{\"@type\":\"Organization\",\"@id\":\"https:\\\/\\\/www.manigoo.com\\\/events\\\/#organization\",\"name\":\"MANIGOO Events\",\"url\":\"https:\\\/\\\/www.manigoo.com\\\/events\\\/\",\"logo\":{\"@type\":\"ImageObject\",\"inLanguage\":\"de\",\"@id\":\"https:\\\/\\\/www.manigoo.com\\\/events\\\/#\\\/schema\\\/logo\\\/image\\\/\",\"url\":\"https:\\\/\\\/www.manigoo.com\\\/events\\\/wp-content\\\/uploads\\\/sites\\\/3\\\/2020\\\/07\\\/Logo_manigoo_2015_quadrat_kl.jpg\",\"contentUrl\":\"https:\\\/\\\/www.manigoo.com\\\/events\\\/wp-content\\\/uploads\\\/sites\\\/3\\\/2020\\\/07\\\/Logo_manigoo_2015_quadrat_kl.jpg\",\"width\":250,\"height\":250,\"caption\":\"MANIGOO Events\"},\"image\":{\"@id\":\"https:\\\/\\\/www.manigoo.com\\\/events\\\/#\\\/schema\\\/logo\\\/image\\\/\"}}]}<\/script>\n<!-- \/ Yoast SEO plugin. -->","yoast_head_json":{"title":"K\u00fcnstler - manigoo events","robots":{"index":"index","follow":"follow","max-snippet":"max-snippet:-1","max-image-preview":"max-image-preview:large","max-video-preview":"max-video-preview:-1"},"canonical":"https:\/\/www.manigoo.com\/events\/kuenstler-2\/","og_locale":"de_DE","og_type":"article","og_title":"K\u00fcnstler - manigoo events","og_description":"[vc_row][vc_column width=&#8220;1\/1&#8243;][vc_single_image border_color=&#8220;grey&#8220; img_link_target=&#8220;_self&#8220; image=&#8220;343&#8243; alignment=&#8220;none&#8220;][\/vc_column][\/vc_row][vc_row][vc_column width=&#8220;1\/3&#8243;][vc_single_image border_color=&#8220;grey&#8220; img_link_target=&#8220;_self&#8220; image=&#8220;229&#8243; alignment=&#8220;none&#8220; img_filter=&#8220;grayscale&#8220;][vc_column_text]Performing Artists[\/vc_column_text][\/vc_column][vc_column width=&#8220;1\/3&#8243;][vc_single_image border_color=&#8220;grey&#8220; img_link_target=&#8220;_self&#8220; image=&#8220;345&#8243; alignment=&#8220;none&#8220; img_filter=&#8220;grayscale&#8220;][vc_column_text]Schattent\u00e4nzer[\/vc_column_text][\/vc_column][vc_column width=&#8220;1\/3&#8243;][vc_single_image border_color=&#8220;grey&#8220; img_link_target=&#8220;_self&#8220; image=&#8220;231&#8243; alignment=&#8220;none&#8220; img_filter=&#8220;grayscale&#8220;][vc_column_text]Kleine und gro\u00dfe Zauberk\u00fcnstler[\/vc_column_text][\/vc_column][\/vc_row][vc_row][vc_column width=&#8220;1\/3&#8243;][vc_single_image image=&#8220;411&#8243; border_color=&#8220;grey&#8220; img_link_target=&#8220;_self&#8220; alignment=&#8220;none&#8220;][vc_column_text]Videoclip T\u00e4nzer &amp; Statisten[\/vc_column_text][\/vc_column][vc_column width=&#8220;1\/3&#8243;][\/vc_column][vc_column width=&#8220;1\/3&#8243;][\/vc_column][\/vc_row][vc_row][vc_column width=&#8220;1\/1&#8243;][vc_column_text]Wir vertreten K\u00fcnstler aus den unterschiedlichsten Branchen. Vom Kinderschminken \u00fcber die Zauberei f\u00fcr klein und gross bis&hellip;","og_url":"https:\/\/www.manigoo.com\/events\/kuenstler-2\/","og_site_name":"manigoo events","article_modified_time":"2015-02-25T14:49:28+00:00","twitter_card":"summary_large_image","twitter_misc":{"Gesch\u00e4tzte Lesezeit":"1\u00a0Minute"},"schema":{"@context":"https:\/\/schema.org","@graph":[{"@type":"WebPage","@id":"https:\/\/www.manigoo.com\/events\/kuenstler-2\/","url":"https:\/\/www.manigoo.com\/events\/kuenstler-2\/","name":"K\u00fcnstler - manigoo events","isPartOf":{"@id":"https:\/\/www.manigoo.com\/events\/#website"},"datePublished":"2014-12-09T20:33:37+00:00","dateModified":"2015-02-25T14:49:28+00:00","breadcrumb":{"@id":"https:\/\/www.manigoo.com\/events\/kuenstler-2\/#breadcrumb"},"inLanguage":"de","potentialAction":[{"@type":"ReadAction","target":["https:\/\/www.manigoo.com\/events\/kuenstler-2\/"]}]},{"@type":"BreadcrumbList","@id":"https:\/\/www.manigoo.com\/events\/kuenstler-2\/#breadcrumb","itemListElement":[{"@type":"ListItem","position":1,"name":"Startseite","item":"https:\/\/www.manigoo.com\/events\/"},{"@type":"ListItem","position":2,"name":"K\u00fcnstler"}]},{"@type":"WebSite","@id":"https:\/\/www.manigoo.com\/events\/#website","url":"https:\/\/www.manigoo.com\/events\/","name":"MANIGOO Events","description":"Events, Fashion Shows &amp; Event Professionals","publisher":{"@id":"https:\/\/www.manigoo.com\/events\/#organization"},"alternateName":"MANIGOO","potentialAction":[{"@type":"SearchAction","target":{"@type":"EntryPoint","urlTemplate":"https:\/\/www.manigoo.com\/events\/?s={search_term_string}"},"query-input":{"@type":"PropertyValueSpecification","valueRequired":true,"valueName":"search_term_string"}}],"inLanguage":"de"},{"@type":"Organization","@id":"https:\/\/www.manigoo.com\/events\/#organization","name":"MANIGOO Events","url":"https:\/\/www.manigoo.com\/events\/","logo":{"@type":"ImageObject","inLanguage":"de","@id":"https:\/\/www.manigoo.com\/events\/#\/schema\/logo\/image\/","url":"https:\/\/www.manigoo.com\/events\/wp-content\/uploads\/sites\/3\/2020\/07\/Logo_manigoo_2015_quadrat_kl.jpg","contentUrl":"https:\/\/www.manigoo.com\/events\/wp-content\/uploads\/sites\/3\/2020\/07\/Logo_manigoo_2015_quadrat_kl.jpg","width":250,"height":250,"caption":"MANIGOO Events"},"image":{"@id":"https:\/\/www.manigoo.com\/events\/#\/schema\/logo\/image\/"}}]}},"_links":{"self":[{"href":"https:\/\/www.manigoo.com\/events\/wp-json\/wp\/v2\/pages\/113","targetHints":{"allow":["GET"]}}],"collection":[{"href":"https:\/\/www.manigoo.com\/events\/wp-json\/wp\/v2\/pages"}],"about":[{"href":"https:\/\/www.manigoo.com\/events\/wp-json\/wp\/v2\/types\/page"}],"author":[{"embeddable":true,"href":"https:\/\/www.manigoo.com\/events\/wp-json\/wp\/v2\/users\/3"}],"replies":[{"embeddable":true,"href":"https:\/\/www.manigoo.com\/events\/wp-json\/wp\/v2\/comments?post=113"}],"version-history":[{"count":5,"href":"https:\/\/www.manigoo.com\/events\/wp-json\/wp\/v2\/pages\/113\/revisions"}],"predecessor-version":[{"id":431,"href":"https:\/\/www.manigoo.com\/events\/wp-json\/wp\/v2\/pages\/113\/revisions\/431"}],"wp:attachment":[{"href":"https:\/\/www.manigoo.com\/events\/wp-json\/wp\/v2\/media?parent=113"}],"curies":[{"name":"wp","href":"https:\/\/api.w.org\/{rel}","templated":true}]}}