{"id":123,"date":"2014-12-09T22:35:16","date_gmt":"2014-12-09T20:35:16","guid":{"rendered":"http:\/\/www.manigoo.com\/events\/?page_id=123"},"modified":"2026-01-12T17:07:34","modified_gmt":"2026-01-12T16:07:34","slug":"aboutus","status":"publish","type":"page","link":"https:\/\/www.manigoo.com\/events\/aboutus\/","title":{"rendered":"\u00dcBER UNS"},"content":{"rendered":"[vc_row][vc_column][vc_column_text font_family=&#8220;Raleway&#8220;]\n<p style=\"text-align: left;\"><span style=\"font-size: 16px; font-family: Raleway;\">MANIGOO Events Team<\/span><\/p>\n[\/vc_column_text][vc_column_text][\/vc_column_text][\/vc_column][\/vc_row][vc_row][vc_column width=&#8220;1\/2&#8243;][vc_column_text font_family=&#8220;Raleway&#8220;]<span style=\"font-family: Raleway;\">MARION SCHNEIDER<br \/>\n<\/span><span style=\"font-family: Raleway;\">(Dipl. Betriebswirtin)<\/span><\/p>\n<p><span style=\"font-family: Raleway;\">&#8211; Inhaberin &#8211;<\/span><\/p>\n<p><span style=\"font-family: Raleway;\">Marion Schneider entdeckte ihre Leidenschaft f\u00fcr Mode, Musik und Events schon als Teenager. W\u00e4hrend ihres Studiums tourte sie als Perfomerin und T\u00e4nzerin durch Europa. Neben der Arbeit auf der B\u00fchne war sie bald auch hinter den Kulissen t\u00e4tig: K\u00fcnstlermanagement, Booking, Kost\u00fcmdesign, Styling, Showkonzeption und Eventorganisation.<\/span><\/p>\n<p><span style=\"font-family: Raleway;\">2004 gr\u00fcndete sie die Model- und Eventagentur MANIGOO mit Sitz in Mannheim. MANIGOO ist kreativ, professionell und ehrlich. Ein gut gelauntes Team von Hostessen, Hosts, Promotern, Artists und Models. Diese supporten seitdem Events in ganz Deutschland. Im Hintergrund wirkt ein Netzwerk aus Casting- und\u00a0Artdirektoren, Stylisten und Stagecoaches. MANIGOO ist ebenso erfahren wie zuverl\u00e4ssig \u2013 ein Partner f\u00fcr gro\u00dfe und kleine Events.<\/span><\/p>\n<p><span style=\"font-family: Raleway; font-size: 14px;\">-&gt; Aktuell im Blog von <a href=\"https:\/\/www.prontopro.ch\/de\/\" target=\"_blank\" rel=\"follow noopener\">ProntoPro<\/a> gibt es ein <a href=\"https:\/\/www.prontopro.ch\/de\/blog\/hobby-zum-beruf-aus-einem-ehemaligen-model-wird-die-gruenderin-einer-model-und-eventagentur\/\" target=\"\" rel=\"follow noopener\"><strong>Interview<\/strong><\/a> zu lesen, in dem ich von meinem sch\u00f6nen Beruf erz\u00e4hlen durfte. Danke f\u00fcr die Ver\u00f6ffentlichung!<\/span>[\/vc_column_text][\/vc_column][vc_column width=&#8220;1\/2&#8243;][vc_column_text]<span style=\"font-family: Raleway;\">ANNE BOURQUIN<\/span><br \/>\n<span style=\"font-family: Raleway;\">&#8211; Digital Marketing &amp; Influencer Relations, Event Booking &#8211;<\/span>[\/vc_column_text]<div class=\"vcex-spacing wpex-w-100 wpex-clear\"><\/div>[vc_column_text]<span style=\"font-family: Raleway;\">SARAH SITTNER<\/span><br \/>\n<span style=\"font-family: Raleway;\">&#8211; Model Booking &amp; Development, <span style=\"font-family: Raleway; font-size: 13px;\">Projektmanagement<\/span> &#8211;<\/span><\/p>\n[\/vc_column_text]<div class=\"vcex-spacing wpex-w-100 wpex-clear\"><\/div>[vc_column_text]<span style=\"font-family: Raleway;\">BRITTA VATH<\/span><br \/>\n<span style=\"font-family: Raleway;\">&#8211; Modelcoach &#8211;<\/span>[\/vc_column_text]<div class=\"vcex-spacing wpex-w-100 wpex-clear\"><\/div>[vc_column_text]<span style=\"font-family: Raleway;\">TOMEZ MINOR <\/span><br \/>\n<span style=\"font-family: Raleway;\">&#8211; Stagecoach &#8211;<\/span>[\/vc_column_text][\/vc_column][\/vc_row][vc_row][vc_column width=&#8220;1\/4&#8243;][vc_column_text][\/vc_column_text][\/vc_column][vc_column width=&#8220;1\/4&#8243;][\/vc_column][vc_column width=&#8220;1\/4&#8243;][\/vc_column][vc_column width=&#8220;1\/4&#8243;][vc_btn title=&#8220;REFERENZEN&#8220; link=&#8220;url:http%3A%2F%2Fwww.manigoo.com%2Fevents%2Freferenzen%2F||&#8220;][vc_btn title=&#8220;MANIGOO MODELS&#8220; link=&#8220;url:http%3A%2F%2Fwww.manigoo-models.com%2F|title:MANIGOO%20MODELS|target:%20_blank&#8220;][vc_btn title=&#8220;KONTAKT&#8220; link=&#8220;url:http%3A%2F%2Fwww.manigoo.com%2Fevents%2Fkontakt%2F|title:KONTAKT|&#8220;]<div class=\"vcex-social-links vcex-module wpex-flex wpex-flex-wrap wpex-social-btns vcex-social-btns wpex-items-center wpex-gap-5 wpex-last-mr-0\"><a href=\"https:\/\/www.facebook.com\/manigoo.de\/\" class=\"vcex-social-links__item wpex-social-btn wpex-social-btn-flat wpex-social-color-hover wpex-facebook\"><span class=\"vcex-social-links__icon wpex-icon\" aria-hidden=\"true\"><svg xmlns=\"http:\/\/www.w3.org\/2000\/svg\" viewBox=\"0 0 512 512\"><path d=\"M512 256C512 114.6 397.4 0 256 0S0 114.6 0 256C0 376 82.7 476.8 194.2 504.5V334.2H141.4V256h52.8V222.3c0-87.1 39.4-127.5 125-127.5c16.2 0 44.2 3.2 55.7 6.4V172c-6-.6-16.5-1-29.6-1c-42 0-58.2 15.9-58.2 57.2V256h83.6l-14.4 78.2H287V510.1C413.8 494.8 512 386.9 512 256h0z\"\/><\/svg><\/span><span class=\"screen-reader-text\">Facebook<\/span><\/a><a href=\"https:\/\/www.instagram.com\/manigoo\/\" class=\"vcex-social-links__item wpex-social-btn wpex-social-btn-flat wpex-social-color-hover wpex-instagram\"><span class=\"vcex-social-links__icon wpex-icon\" aria-hidden=\"true\"><svg xmlns=\"http:\/\/www.w3.org\/2000\/svg\" viewBox=\"0 0 448 512\"><path d=\"M224.1 141c-63.6 0-114.9 51.3-114.9 114.9s51.3 114.9 114.9 114.9S339 319.5 339 255.9 287.7 141 224.1 141zm0 189.6c-41.1 0-74.7-33.5-74.7-74.7s33.5-74.7 74.7-74.7 74.7 33.5 74.7 74.7-33.6 74.7-74.7 74.7zm146.4-194.3c0 14.9-12 26.8-26.8 26.8-14.9 0-26.8-12-26.8-26.8s12-26.8 26.8-26.8 26.8 12 26.8 26.8zm76.1 27.2c-1.7-35.9-9.9-67.7-36.2-93.9-26.2-26.2-58-34.4-93.9-36.2-37-2.1-147.9-2.1-184.9 0-35.8 1.7-67.6 9.9-93.9 36.1s-34.4 58-36.2 93.9c-2.1 37-2.1 147.9 0 184.9 1.7 35.9 9.9 67.7 36.2 93.9s58 34.4 93.9 36.2c37 2.1 147.9 2.1 184.9 0 35.9-1.7 67.7-9.9 93.9-36.2 26.2-26.2 34.4-58 36.2-93.9 2.1-37 2.1-147.8 0-184.8zM398.8 388c-7.8 19.6-22.9 34.7-42.6 42.6-29.5 11.7-99.5 9-132.1 9s-102.7 2.6-132.1-9c-19.6-7.8-34.7-22.9-42.6-42.6-11.7-29.5-9-99.5-9-132.1s-2.6-102.7 9-132.1c7.8-19.6 22.9-34.7 42.6-42.6 29.5-11.7 99.5-9 132.1-9s102.7-2.6 132.1 9c19.6 7.8 34.7 22.9 42.6 42.6 11.7 29.5 9 99.5 9 132.1s2.7 102.7-9 132.1z\"\/><\/svg><\/span><span class=\"screen-reader-text\">Instagram<\/span><\/a><a href=\"https:\/\/www.youtube.com\/channel\/UCKyDIuzrTzsPSNjobQ-o8_A\/videos\" class=\"vcex-social-links__item wpex-social-btn wpex-social-btn-flat wpex-social-color-hover wpex-youtube\"><span class=\"vcex-social-links__icon wpex-icon\" aria-hidden=\"true\"><svg xmlns=\"http:\/\/www.w3.org\/2000\/svg\" viewBox=\"0 0 576 512\"><path d=\"M549.7 124.1c-6.3-23.7-24.8-42.3-48.3-48.6C458.8 64 288 64 288 64S117.2 64 74.6 75.5c-23.5 6.3-42 24.9-48.3 48.6-11.4 42.9-11.4 132.3-11.4 132.3s0 89.4 11.4 132.3c6.3 23.7 24.8 41.5 48.3 47.8C117.2 448 288 448 288 448s170.8 0 213.4-11.5c23.5-6.3 42-24.2 48.3-47.8 11.4-42.9 11.4-132.3 11.4-132.3s0-89.4-11.4-132.3zm-317.5 213.5V175.2l142.7 81.2-142.7 81.2z\"\/><\/svg><\/span><span class=\"screen-reader-text\">YouTube<\/span><\/a><a href=\"mailto:in&#102;o&#064;&#109;an&#105;g&#111;o&#046;de\" class=\"vcex-social-links__item wpex-social-btn wpex-social-btn-flat wpex-social-color-hover wpex-email\"><span class=\"vcex-social-links__icon wpex-icon\" aria-hidden=\"true\"><svg xmlns=\"http:\/\/www.w3.org\/2000\/svg\" viewBox=\"0 0 512 512\"><path d=\"M48 64C21.5 64 0 85.5 0 112c0 15.1 7.1 29.3 19.2 38.4L236.8 313.6c11.4 8.5 27 8.5 38.4 0L492.8 150.4c12.1-9.1 19.2-23.3 19.2-38.4c0-26.5-21.5-48-48-48H48zM0 176V384c0 35.3 28.7 64 64 64H448c35.3 0 64-28.7 64-64V176L294.4 339.2c-22.8 17.1-54 17.1-76.8 0L0 176z\"\/><\/svg><\/span><span class=\"screen-reader-text\">E-Mail<\/span><\/a><\/div>[\/vc_column][\/vc_row]\n","protected":false},"excerpt":{"rendered":"<p>[vc_row][vc_column][vc_column_text font_family=&#8220;Raleway&#8220;] MANIGOO Events Team [\/vc_column_text][vc_column_text][\/vc_column_text][\/vc_column][\/vc_row][vc_row][vc_column width=&#8220;1\/2&#8243;][vc_column_text font_family=&#8220;Raleway&#8220;]MARION SCHNEIDER (Dipl. Betriebswirtin) &#8211; Inhaberin &#8211; Marion Schneider entdeckte ihre Leidenschaft f\u00fcr Mode, Musik und Events schon als Teenager. W\u00e4hrend ihres Studiums tourte sie als Perfomerin und T\u00e4nzerin durch Europa. Neben der Arbeit auf der B\u00fchne war sie bald auch hinter den Kulissen t\u00e4tig: K\u00fcnstlermanagement, Booking, Kost\u00fcmdesign,&hellip;<\/p>\n","protected":false},"author":2,"featured_media":0,"parent":0,"menu_order":0,"comment_status":"closed","ping_status":"closed","template":"","meta":{"footnotes":""},"class_list":["post-123","page","type-page","status-publish","hentry","entry","no-media"],"yoast_head":"<!-- This site is optimized with the Yoast SEO plugin v27.5 - https:\/\/yoast.com\/product\/yoast-seo-wordpress\/ -->\n<title>\u00dcBER UNS - manigoo events<\/title>\n<meta name=\"robots\" content=\"index, follow, max-snippet:-1, max-image-preview:large, max-video-preview:-1\" \/>\n<link rel=\"canonical\" href=\"https:\/\/www.manigoo.com\/events\/aboutus\/\" \/>\n<meta property=\"og:locale\" content=\"de_DE\" \/>\n<meta property=\"og:type\" content=\"article\" \/>\n<meta property=\"og:title\" content=\"\u00dcBER UNS - manigoo events\" \/>\n<meta property=\"og:description\" content=\"[vc_row][vc_column][vc_column_text font_family=&#8220;Raleway&#8220;] MANIGOO Events Team [\/vc_column_text][vc_column_text][\/vc_column_text][\/vc_column][\/vc_row][vc_row][vc_column width=&#8220;1\/2&#8243;][vc_column_text font_family=&#8220;Raleway&#8220;]MARION SCHNEIDER (Dipl. Betriebswirtin) &#8211; Inhaberin &#8211; Marion Schneider entdeckte ihre Leidenschaft f\u00fcr Mode, Musik und Events schon als Teenager. W\u00e4hrend ihres Studiums tourte sie als Perfomerin und T\u00e4nzerin durch Europa. Neben der Arbeit auf der B\u00fchne war sie bald auch hinter den Kulissen t\u00e4tig: K\u00fcnstlermanagement, Booking, Kost\u00fcmdesign,&hellip;\" \/>\n<meta property=\"og:url\" content=\"https:\/\/www.manigoo.com\/events\/aboutus\/\" \/>\n<meta property=\"og:site_name\" content=\"manigoo events\" \/>\n<meta property=\"article:modified_time\" content=\"2026-01-12T16:07:34+00:00\" \/>\n<meta name=\"twitter:card\" content=\"summary_large_image\" \/>\n<meta name=\"twitter:label1\" content=\"Gesch\u00e4tzte Lesezeit\" \/>\n\t<meta name=\"twitter:data1\" content=\"2\u00a0Minuten\" \/>\n<script type=\"application\/ld+json\" class=\"yoast-schema-graph\">{\"@context\":\"https:\\\/\\\/schema.org\",\"@graph\":[{\"@type\":\"WebPage\",\"@id\":\"https:\\\/\\\/www.manigoo.com\\\/events\\\/aboutus\\\/\",\"url\":\"https:\\\/\\\/www.manigoo.com\\\/events\\\/aboutus\\\/\",\"name\":\"\u00dcBER UNS - manigoo events\",\"isPartOf\":{\"@id\":\"https:\\\/\\\/www.manigoo.com\\\/events\\\/#website\"},\"datePublished\":\"2014-12-09T20:35:16+00:00\",\"dateModified\":\"2026-01-12T16:07:34+00:00\",\"breadcrumb\":{\"@id\":\"https:\\\/\\\/www.manigoo.com\\\/events\\\/aboutus\\\/#breadcrumb\"},\"inLanguage\":\"de\",\"potentialAction\":[{\"@type\":\"ReadAction\",\"target\":[\"https:\\\/\\\/www.manigoo.com\\\/events\\\/aboutus\\\/\"]}]},{\"@type\":\"BreadcrumbList\",\"@id\":\"https:\\\/\\\/www.manigoo.com\\\/events\\\/aboutus\\\/#breadcrumb\",\"itemListElement\":[{\"@type\":\"ListItem\",\"position\":1,\"name\":\"Startseite\",\"item\":\"https:\\\/\\\/www.manigoo.com\\\/events\\\/\"},{\"@type\":\"ListItem\",\"position\":2,\"name\":\"\u00dcBER UNS\"}]},{\"@type\":\"WebSite\",\"@id\":\"https:\\\/\\\/www.manigoo.com\\\/events\\\/#website\",\"url\":\"https:\\\/\\\/www.manigoo.com\\\/events\\\/\",\"name\":\"MANIGOO Events\",\"description\":\"Events, Fashion Shows &amp; Event Professionals\",\"publisher\":{\"@id\":\"https:\\\/\\\/www.manigoo.com\\\/events\\\/#organization\"},\"alternateName\":\"MANIGOO\",\"potentialAction\":[{\"@type\":\"SearchAction\",\"target\":{\"@type\":\"EntryPoint\",\"urlTemplate\":\"https:\\\/\\\/www.manigoo.com\\\/events\\\/?s={search_term_string}\"},\"query-input\":{\"@type\":\"PropertyValueSpecification\",\"valueRequired\":true,\"valueName\":\"search_term_string\"}}],\"inLanguage\":\"de\"},{\"@type\":\"Organization\",\"@id\":\"https:\\\/\\\/www.manigoo.com\\\/events\\\/#organization\",\"name\":\"MANIGOO Events\",\"url\":\"https:\\\/\\\/www.manigoo.com\\\/events\\\/\",\"logo\":{\"@type\":\"ImageObject\",\"inLanguage\":\"de\",\"@id\":\"https:\\\/\\\/www.manigoo.com\\\/events\\\/#\\\/schema\\\/logo\\\/image\\\/\",\"url\":\"https:\\\/\\\/www.manigoo.com\\\/events\\\/wp-content\\\/uploads\\\/sites\\\/3\\\/2020\\\/07\\\/Logo_manigoo_2015_quadrat_kl.jpg\",\"contentUrl\":\"https:\\\/\\\/www.manigoo.com\\\/events\\\/wp-content\\\/uploads\\\/sites\\\/3\\\/2020\\\/07\\\/Logo_manigoo_2015_quadrat_kl.jpg\",\"width\":250,\"height\":250,\"caption\":\"MANIGOO Events\"},\"image\":{\"@id\":\"https:\\\/\\\/www.manigoo.com\\\/events\\\/#\\\/schema\\\/logo\\\/image\\\/\"}}]}<\/script>\n<!-- \/ Yoast SEO plugin. -->","yoast_head_json":{"title":"\u00dcBER UNS - manigoo events","robots":{"index":"index","follow":"follow","max-snippet":"max-snippet:-1","max-image-preview":"max-image-preview:large","max-video-preview":"max-video-preview:-1"},"canonical":"https:\/\/www.manigoo.com\/events\/aboutus\/","og_locale":"de_DE","og_type":"article","og_title":"\u00dcBER UNS - manigoo events","og_description":"[vc_row][vc_column][vc_column_text font_family=&#8220;Raleway&#8220;] MANIGOO Events Team [\/vc_column_text][vc_column_text][\/vc_column_text][\/vc_column][\/vc_row][vc_row][vc_column width=&#8220;1\/2&#8243;][vc_column_text font_family=&#8220;Raleway&#8220;]MARION SCHNEIDER (Dipl. Betriebswirtin) &#8211; Inhaberin &#8211; Marion Schneider entdeckte ihre Leidenschaft f\u00fcr Mode, Musik und Events schon als Teenager. W\u00e4hrend ihres Studiums tourte sie als Perfomerin und T\u00e4nzerin durch Europa. Neben der Arbeit auf der B\u00fchne war sie bald auch hinter den Kulissen t\u00e4tig: K\u00fcnstlermanagement, Booking, Kost\u00fcmdesign,&hellip;","og_url":"https:\/\/www.manigoo.com\/events\/aboutus\/","og_site_name":"manigoo events","article_modified_time":"2026-01-12T16:07:34+00:00","twitter_card":"summary_large_image","twitter_misc":{"Gesch\u00e4tzte Lesezeit":"2\u00a0Minuten"},"schema":{"@context":"https:\/\/schema.org","@graph":[{"@type":"WebPage","@id":"https:\/\/www.manigoo.com\/events\/aboutus\/","url":"https:\/\/www.manigoo.com\/events\/aboutus\/","name":"\u00dcBER UNS - manigoo events","isPartOf":{"@id":"https:\/\/www.manigoo.com\/events\/#website"},"datePublished":"2014-12-09T20:35:16+00:00","dateModified":"2026-01-12T16:07:34+00:00","breadcrumb":{"@id":"https:\/\/www.manigoo.com\/events\/aboutus\/#breadcrumb"},"inLanguage":"de","potentialAction":[{"@type":"ReadAction","target":["https:\/\/www.manigoo.com\/events\/aboutus\/"]}]},{"@type":"BreadcrumbList","@id":"https:\/\/www.manigoo.com\/events\/aboutus\/#breadcrumb","itemListElement":[{"@type":"ListItem","position":1,"name":"Startseite","item":"https:\/\/www.manigoo.com\/events\/"},{"@type":"ListItem","position":2,"name":"\u00dcBER UNS"}]},{"@type":"WebSite","@id":"https:\/\/www.manigoo.com\/events\/#website","url":"https:\/\/www.manigoo.com\/events\/","name":"MANIGOO Events","description":"Events, Fashion Shows &amp; Event Professionals","publisher":{"@id":"https:\/\/www.manigoo.com\/events\/#organization"},"alternateName":"MANIGOO","potentialAction":[{"@type":"SearchAction","target":{"@type":"EntryPoint","urlTemplate":"https:\/\/www.manigoo.com\/events\/?s={search_term_string}"},"query-input":{"@type":"PropertyValueSpecification","valueRequired":true,"valueName":"search_term_string"}}],"inLanguage":"de"},{"@type":"Organization","@id":"https:\/\/www.manigoo.com\/events\/#organization","name":"MANIGOO Events","url":"https:\/\/www.manigoo.com\/events\/","logo":{"@type":"ImageObject","inLanguage":"de","@id":"https:\/\/www.manigoo.com\/events\/#\/schema\/logo\/image\/","url":"https:\/\/www.manigoo.com\/events\/wp-content\/uploads\/sites\/3\/2020\/07\/Logo_manigoo_2015_quadrat_kl.jpg","contentUrl":"https:\/\/www.manigoo.com\/events\/wp-content\/uploads\/sites\/3\/2020\/07\/Logo_manigoo_2015_quadrat_kl.jpg","width":250,"height":250,"caption":"MANIGOO Events"},"image":{"@id":"https:\/\/www.manigoo.com\/events\/#\/schema\/logo\/image\/"}}]}},"_links":{"self":[{"href":"https:\/\/www.manigoo.com\/events\/wp-json\/wp\/v2\/pages\/123","targetHints":{"allow":["GET"]}}],"collection":[{"href":"https:\/\/www.manigoo.com\/events\/wp-json\/wp\/v2\/pages"}],"about":[{"href":"https:\/\/www.manigoo.com\/events\/wp-json\/wp\/v2\/types\/page"}],"author":[{"embeddable":true,"href":"https:\/\/www.manigoo.com\/events\/wp-json\/wp\/v2\/users\/2"}],"replies":[{"embeddable":true,"href":"https:\/\/www.manigoo.com\/events\/wp-json\/wp\/v2\/comments?post=123"}],"version-history":[{"count":28,"href":"https:\/\/www.manigoo.com\/events\/wp-json\/wp\/v2\/pages\/123\/revisions"}],"predecessor-version":[{"id":9015,"href":"https:\/\/www.manigoo.com\/events\/wp-json\/wp\/v2\/pages\/123\/revisions\/9015"}],"wp:attachment":[{"href":"https:\/\/www.manigoo.com\/events\/wp-json\/wp\/v2\/media?parent=123"}],"curies":[{"name":"wp","href":"https:\/\/api.w.org\/{rel}","templated":true}]}}