{"id":39,"date":"2014-11-28T20:26:25","date_gmt":"2014-11-28T18:26:25","guid":{"rendered":"http:\/\/www.manigoo.com\/events\/?page_id=39"},"modified":"2016-07-20T00:22:40","modified_gmt":"2016-07-19T22:22:40","slug":"homepage","status":"publish","type":"page","link":"https:\/\/www.manigoo.com\/events\/","title":{"rendered":"homepage"},"content":{"rendered":"[vc_row][vc_column width=&#8220;1\/1&#8243;]<div class=\"wpex-slider-preloaderimg wpex-relative\"><img width=\"900\" height=\"600\" src=\"https:\/\/www.manigoo.com\/events\/wp-content\/uploads\/sites\/3\/2014\/11\/D1A7251-copy_start.jpg\" class=\"skip-lazy\" alt=\"\" data-no-lazy=\"1\" srcset=\"https:\/\/www.manigoo.com\/events\/wp-content\/uploads\/sites\/3\/2014\/11\/D1A7251-copy_start.jpg 900w, https:\/\/www.manigoo.com\/events\/wp-content\/uploads\/sites\/3\/2014\/11\/D1A7251-copy_start-300x200.jpg 300w\" sizes=\"(max-width: 900px) 100vw, 900px\" \/><\/div><div class=\"vcex-image-slider vcex-module wpex-slider slider-pro wpex-clr\" data-loop=\"true\" data-auto-play-delay=\"3000\" data-buttons=\"false\" data-animation-speed=\"600\" data-height-animation-duration=\"500\" data-thumbnail-height=\"70\" data-thumbnail-width=\"70\"><div class=\"wpex-slider-slides sp-slides\"><div class=\"wpex-slider-slide sp-slide\"><div class=\"wpex-slider-media wpex-relative\"><img width=\"900\" height=\"600\" src=\"https:\/\/www.manigoo.com\/events\/wp-content\/uploads\/sites\/3\/2014\/11\/D1A7251-copy_start.jpg\" class=\"skip-lazy\" alt=\"\" data-no-lazy=\"1\" srcset=\"https:\/\/www.manigoo.com\/events\/wp-content\/uploads\/sites\/3\/2014\/11\/D1A7251-copy_start.jpg 900w, https:\/\/www.manigoo.com\/events\/wp-content\/uploads\/sites\/3\/2014\/11\/D1A7251-copy_start-300x200.jpg 300w\" sizes=\"(max-width: 900px) 100vw, 900px\" \/><\/div><\/div><div class=\"wpex-slider-slide sp-slide\"><div class=\"wpex-slider-media wpex-relative\"><img width=\"900\" height=\"600\" src=\"https:\/\/www.manigoo.com\/events\/wp-content\/uploads\/sites\/3\/2014\/11\/91.jpg\" class=\"skip-lazy\" alt=\"\" data-no-lazy=\"1\" srcset=\"https:\/\/www.manigoo.com\/events\/wp-content\/uploads\/sites\/3\/2014\/11\/91.jpg 900w, https:\/\/www.manigoo.com\/events\/wp-content\/uploads\/sites\/3\/2014\/11\/91-300x200.jpg 300w\" sizes=\"(max-width: 900px) 100vw, 900px\" \/><\/div><\/div><div class=\"wpex-slider-slide sp-slide\"><div class=\"wpex-slider-media wpex-relative\"><img width=\"900\" height=\"600\" src=\"https:\/\/www.manigoo.com\/events\/wp-content\/uploads\/sites\/3\/2014\/11\/Caprisonne-22.jpg\" class=\"skip-lazy\" alt=\"\" data-no-lazy=\"1\" srcset=\"https:\/\/www.manigoo.com\/events\/wp-content\/uploads\/sites\/3\/2014\/11\/Caprisonne-22.jpg 900w, https:\/\/www.manigoo.com\/events\/wp-content\/uploads\/sites\/3\/2014\/11\/Caprisonne-22-300x200.jpg 300w\" sizes=\"(max-width: 900px) 100vw, 900px\" \/><\/div><\/div><div class=\"wpex-slider-slide sp-slide\"><div class=\"wpex-slider-media wpex-relative\"><img width=\"900\" height=\"600\" src=\"https:\/\/www.manigoo.com\/events\/wp-content\/uploads\/sites\/3\/2014\/11\/1_start.jpg\" class=\"skip-lazy\" alt=\"\" data-no-lazy=\"1\" srcset=\"https:\/\/www.manigoo.com\/events\/wp-content\/uploads\/sites\/3\/2014\/11\/1_start.jpg 900w, https:\/\/www.manigoo.com\/events\/wp-content\/uploads\/sites\/3\/2014\/11\/1_start-300x200.jpg 300w\" sizes=\"(max-width: 900px) 100vw, 900px\" \/><\/div><\/div><div class=\"wpex-slider-slide sp-slide\"><div class=\"wpex-slider-media wpex-relative\"><img width=\"900\" height=\"600\" src=\"https:\/\/www.manigoo.com\/events\/wp-content\/uploads\/sites\/3\/2014\/11\/D1A7078_new_start.jpg\" class=\"skip-lazy\" alt=\"\" data-no-lazy=\"1\" srcset=\"https:\/\/www.manigoo.com\/events\/wp-content\/uploads\/sites\/3\/2014\/11\/D1A7078_new_start.jpg 900w, https:\/\/www.manigoo.com\/events\/wp-content\/uploads\/sites\/3\/2014\/11\/D1A7078_new_start-300x200.jpg 300w\" sizes=\"(max-width: 900px) 100vw, 900px\" \/><\/div><\/div><div class=\"wpex-slider-slide sp-slide\"><div class=\"wpex-slider-media wpex-relative\"><img width=\"900\" height=\"600\" src=\"https:\/\/www.manigoo.com\/events\/wp-content\/uploads\/sites\/3\/2014\/11\/Geldermann_Alte_Oper_22092014_01.jpeg2.jpg\" class=\"skip-lazy\" alt=\"\" data-no-lazy=\"1\" srcset=\"https:\/\/www.manigoo.com\/events\/wp-content\/uploads\/sites\/3\/2014\/11\/Geldermann_Alte_Oper_22092014_01.jpeg2.jpg 900w, https:\/\/www.manigoo.com\/events\/wp-content\/uploads\/sites\/3\/2014\/11\/Geldermann_Alte_Oper_22092014_01.jpeg2-300x200.jpg 300w\" sizes=\"(max-width: 900px) 100vw, 900px\" \/><\/div><\/div><div class=\"wpex-slider-slide sp-slide\"><div class=\"wpex-slider-media wpex-relative\"><img width=\"900\" height=\"600\" src=\"https:\/\/www.manigoo.com\/events\/wp-content\/uploads\/sites\/3\/2014\/11\/141.jpg\" class=\"skip-lazy\" alt=\"\" data-no-lazy=\"1\" srcset=\"https:\/\/www.manigoo.com\/events\/wp-content\/uploads\/sites\/3\/2014\/11\/141.jpg 900w, https:\/\/www.manigoo.com\/events\/wp-content\/uploads\/sites\/3\/2014\/11\/141-300x200.jpg 300w\" sizes=\"(max-width: 900px) 100vw, 900px\" \/><\/div><\/div><div class=\"wpex-slider-slide sp-slide\"><div class=\"wpex-slider-media wpex-relative\"><img width=\"900\" height=\"600\" src=\"https:\/\/www.manigoo.com\/events\/wp-content\/uploads\/sites\/3\/2014\/11\/D1A7302_start.jpg\" class=\"skip-lazy\" alt=\"\" data-no-lazy=\"1\" srcset=\"https:\/\/www.manigoo.com\/events\/wp-content\/uploads\/sites\/3\/2014\/11\/D1A7302_start.jpg 900w, https:\/\/www.manigoo.com\/events\/wp-content\/uploads\/sites\/3\/2014\/11\/D1A7302_start-300x200.jpg 300w\" sizes=\"(max-width: 900px) 100vw, 900px\" \/><\/div><\/div><div class=\"wpex-slider-slide sp-slide\"><div class=\"wpex-slider-media wpex-relative\"><img width=\"900\" height=\"600\" src=\"https:\/\/www.manigoo.com\/events\/wp-content\/uploads\/sites\/3\/2014\/11\/3start.jpg\" class=\"skip-lazy\" alt=\"\" data-no-lazy=\"1\" srcset=\"https:\/\/www.manigoo.com\/events\/wp-content\/uploads\/sites\/3\/2014\/11\/3start.jpg 900w, https:\/\/www.manigoo.com\/events\/wp-content\/uploads\/sites\/3\/2014\/11\/3start-300x200.jpg 300w\" sizes=\"(max-width: 900px) 100vw, 900px\" \/><\/div><\/div><div class=\"wpex-slider-slide sp-slide\"><div class=\"wpex-slider-media wpex-relative\"><img width=\"900\" height=\"600\" src=\"https:\/\/www.manigoo.com\/events\/wp-content\/uploads\/sites\/3\/2014\/11\/buehne_start3.jpg\" class=\"skip-lazy\" alt=\"\" data-no-lazy=\"1\" srcset=\"https:\/\/www.manigoo.com\/events\/wp-content\/uploads\/sites\/3\/2014\/11\/buehne_start3.jpg 900w, https:\/\/www.manigoo.com\/events\/wp-content\/uploads\/sites\/3\/2014\/11\/buehne_start3-300x200.jpg 300w\" sizes=\"(max-width: 900px) 100vw, 900px\" \/><\/div><\/div><\/div><\/div><div class=\"vcex-spacing wpex-w-100 wpex-clear\" style=\"height:30px;\"><\/div>[vc_column_text]\n<p style=\"text-align: center;\"><span style=\"font-size: 16px;\"><strong><span style=\"font-family: Raleway;\">Ihr Erfolg ist unser Auftrag<\/span><\/strong><\/span><\/p>\n<p><span style=\"font-size: 16px; font-family: Raleway;\">Kreativit\u00e4t und organisatorische H\u00f6chstleistung machen unsere Arbeit aus. Nutzen Sie unsere Leidenschaft, unsere Liebe zum Detail und unsere Erfahrung f\u00fcr Ihr individuelles Event. Wir messen unseren Erfolg an Ihrem Erfolg.<\/span>[\/vc_column_text][\/vc_column][\/vc_row][vc_row][vc_column width=&#8220;1\/1&#8243;][vc_btn title=&#8220;MANIGOO MODELS&#8220; style=&#8220;modern&#8220; shape=&#8220;rounded&#8220; color=&#8220;grey&#8220; size=&#8220;md&#8220; align=&#8220;inline&#8220; i_align=&#8220;left&#8220; i_type=&#8220;fontawesome&#8220; i_icon_fontawesome=&#8220;fa fa-adjust&#8220; i_icon_openiconic=&#8220;vc-oi vc-oi-dial&#8220; i_icon_typicons=&#8220;typcn typcn-adjust-brightness&#8220; i_icon_entypo=&#8220;entypo-icon entypo-icon-note&#8220; i_icon_linecons=&#8220;vc_li vc_li-heart&#8220; link=&#8220;url:http%3A%2F%2Fwww.manigoo-models.com%2F|title:MANIGOO%20MODELS|&#8220; button_block=&#8220;&#8220; add_icon=&#8220;&#8220; i_icon_pixelicons=&#8220;vc_pixel_icon vc_pixel_icon-alert&#8220;][\/vc_column][\/vc_row][vc_row][vc_column width=&#8220;1\/1&#8243;][vc_column_text]\n[\/vc_column_text][\/vc_column][\/vc_row]\n","protected":false},"excerpt":{"rendered":"<p>[vc_row][vc_column width=&#8220;1\/1&#8243;][vc_column_text] Ihr Erfolg ist unser Auftrag Kreativit\u00e4t und organisatorische H\u00f6chstleistung machen unsere Arbeit aus. Nutzen Sie unsere Leidenschaft, unsere Liebe zum Detail und unsere Erfahrung f\u00fcr Ihr individuelles Event. Wir messen unseren Erfolg an Ihrem Erfolg.[\/vc_column_text][\/vc_column][\/vc_row][vc_row][vc_column width=&#8220;1\/1&#8243;][vc_btn title=&#8220;MANIGOO MODELS&#8220; style=&#8220;modern&#8220; shape=&#8220;rounded&#8220; color=&#8220;grey&#8220; size=&#8220;md&#8220; align=&#8220;inline&#8220; i_align=&#8220;left&#8220; i_type=&#8220;fontawesome&#8220; i_icon_fontawesome=&#8220;fa fa-adjust&#8220; i_icon_openiconic=&#8220;vc-oi vc-oi-dial&#8220; i_icon_typicons=&#8220;typcn typcn-adjust-brightness&#8220; i_icon_entypo=&#8220;entypo-icon entypo-icon-note&#8220;&hellip;<\/p>\n","protected":false},"author":2,"featured_media":0,"parent":0,"menu_order":0,"comment_status":"closed","ping_status":"closed","template":"","meta":{"footnotes":""},"class_list":["post-39","page","type-page","status-publish","hentry","entry","no-media"],"yoast_head":"<!-- This site is optimized with the Yoast SEO plugin v27.4 - https:\/\/yoast.com\/product\/yoast-seo-wordpress\/ -->\n<title>homepage - manigoo events<\/title>\n<meta name=\"robots\" content=\"index, follow, max-snippet:-1, max-image-preview:large, max-video-preview:-1\" \/>\n<link rel=\"canonical\" href=\"https:\/\/www.manigoo.com\/events\/\" \/>\n<meta property=\"og:locale\" content=\"de_DE\" \/>\n<meta property=\"og:type\" content=\"article\" \/>\n<meta property=\"og:title\" content=\"homepage - manigoo events\" \/>\n<meta property=\"og:description\" content=\"[vc_row][vc_column width=&#8220;1\/1&#8243;][vc_column_text] Ihr Erfolg ist unser Auftrag Kreativit\u00e4t und organisatorische H\u00f6chstleistung machen unsere Arbeit aus. Nutzen Sie unsere Leidenschaft, unsere Liebe zum Detail und unsere Erfahrung f\u00fcr Ihr individuelles Event. Wir messen unseren Erfolg an Ihrem Erfolg.[\/vc_column_text][\/vc_column][\/vc_row][vc_row][vc_column width=&#8220;1\/1&#8243;][vc_btn title=&#8220;MANIGOO MODELS&#8220; style=&#8220;modern&#8220; shape=&#8220;rounded&#8220; color=&#8220;grey&#8220; size=&#8220;md&#8220; align=&#8220;inline&#8220; i_align=&#8220;left&#8220; i_type=&#8220;fontawesome&#8220; i_icon_fontawesome=&#8220;fa fa-adjust&#8220; i_icon_openiconic=&#8220;vc-oi vc-oi-dial&#8220; i_icon_typicons=&#8220;typcn typcn-adjust-brightness&#8220; i_icon_entypo=&#8220;entypo-icon entypo-icon-note&#8220;&hellip;\" \/>\n<meta property=\"og:url\" content=\"https:\/\/www.manigoo.com\/events\/\" \/>\n<meta property=\"og:site_name\" content=\"manigoo events\" \/>\n<meta property=\"article:modified_time\" content=\"2016-07-19T22:22:40+00:00\" \/>\n<meta name=\"twitter:card\" content=\"summary_large_image\" \/>\n<meta name=\"twitter:label1\" content=\"Gesch\u00e4tzte Lesezeit\" \/>\n\t<meta name=\"twitter:data1\" content=\"1\u00a0Minute\" \/>\n<script type=\"application\/ld+json\" class=\"yoast-schema-graph\">{\"@context\":\"https:\\\/\\\/schema.org\",\"@graph\":[{\"@type\":\"WebPage\",\"@id\":\"https:\\\/\\\/www.manigoo.com\\\/events\\\/\",\"url\":\"https:\\\/\\\/www.manigoo.com\\\/events\\\/\",\"name\":\"homepage - manigoo events\",\"isPartOf\":{\"@id\":\"https:\\\/\\\/www.manigoo.com\\\/events\\\/#website\"},\"datePublished\":\"2014-11-28T18:26:25+00:00\",\"dateModified\":\"2016-07-19T22:22:40+00:00\",\"breadcrumb\":{\"@id\":\"https:\\\/\\\/www.manigoo.com\\\/events\\\/#breadcrumb\"},\"inLanguage\":\"de\",\"potentialAction\":[{\"@type\":\"ReadAction\",\"target\":[\"https:\\\/\\\/www.manigoo.com\\\/events\\\/\"]}]},{\"@type\":\"BreadcrumbList\",\"@id\":\"https:\\\/\\\/www.manigoo.com\\\/events\\\/#breadcrumb\",\"itemListElement\":[{\"@type\":\"ListItem\",\"position\":1,\"name\":\"Startseite\",\"item\":\"https:\\\/\\\/www.manigoo.com\\\/events\\\/\"},{\"@type\":\"ListItem\",\"position\":2,\"name\":\"homepage\"}]},{\"@type\":\"WebSite\",\"@id\":\"https:\\\/\\\/www.manigoo.com\\\/events\\\/#website\",\"url\":\"https:\\\/\\\/www.manigoo.com\\\/events\\\/\",\"name\":\"MANIGOO Events\",\"description\":\"Events, Fashion Shows &amp; Event Professionals\",\"publisher\":{\"@id\":\"https:\\\/\\\/www.manigoo.com\\\/events\\\/#organization\"},\"alternateName\":\"MANIGOO\",\"potentialAction\":[{\"@type\":\"SearchAction\",\"target\":{\"@type\":\"EntryPoint\",\"urlTemplate\":\"https:\\\/\\\/www.manigoo.com\\\/events\\\/?s={search_term_string}\"},\"query-input\":{\"@type\":\"PropertyValueSpecification\",\"valueRequired\":true,\"valueName\":\"search_term_string\"}}],\"inLanguage\":\"de\"},{\"@type\":\"Organization\",\"@id\":\"https:\\\/\\\/www.manigoo.com\\\/events\\\/#organization\",\"name\":\"MANIGOO Events\",\"url\":\"https:\\\/\\\/www.manigoo.com\\\/events\\\/\",\"logo\":{\"@type\":\"ImageObject\",\"inLanguage\":\"de\",\"@id\":\"https:\\\/\\\/www.manigoo.com\\\/events\\\/#\\\/schema\\\/logo\\\/image\\\/\",\"url\":\"https:\\\/\\\/www.manigoo.com\\\/events\\\/wp-content\\\/uploads\\\/sites\\\/3\\\/2020\\\/07\\\/Logo_manigoo_2015_quadrat_kl.jpg\",\"contentUrl\":\"https:\\\/\\\/www.manigoo.com\\\/events\\\/wp-content\\\/uploads\\\/sites\\\/3\\\/2020\\\/07\\\/Logo_manigoo_2015_quadrat_kl.jpg\",\"width\":250,\"height\":250,\"caption\":\"MANIGOO Events\"},\"image\":{\"@id\":\"https:\\\/\\\/www.manigoo.com\\\/events\\\/#\\\/schema\\\/logo\\\/image\\\/\"}}]}<\/script>\n<!-- \/ Yoast SEO plugin. -->","yoast_head_json":{"title":"homepage - manigoo events","robots":{"index":"index","follow":"follow","max-snippet":"max-snippet:-1","max-image-preview":"max-image-preview:large","max-video-preview":"max-video-preview:-1"},"canonical":"https:\/\/www.manigoo.com\/events\/","og_locale":"de_DE","og_type":"article","og_title":"homepage - manigoo events","og_description":"[vc_row][vc_column width=&#8220;1\/1&#8243;][vc_column_text] Ihr Erfolg ist unser Auftrag Kreativit\u00e4t und organisatorische H\u00f6chstleistung machen unsere Arbeit aus. Nutzen Sie unsere Leidenschaft, unsere Liebe zum Detail und unsere Erfahrung f\u00fcr Ihr individuelles Event. Wir messen unseren Erfolg an Ihrem Erfolg.[\/vc_column_text][\/vc_column][\/vc_row][vc_row][vc_column width=&#8220;1\/1&#8243;][vc_btn title=&#8220;MANIGOO MODELS&#8220; style=&#8220;modern&#8220; shape=&#8220;rounded&#8220; color=&#8220;grey&#8220; size=&#8220;md&#8220; align=&#8220;inline&#8220; i_align=&#8220;left&#8220; i_type=&#8220;fontawesome&#8220; i_icon_fontawesome=&#8220;fa fa-adjust&#8220; i_icon_openiconic=&#8220;vc-oi vc-oi-dial&#8220; i_icon_typicons=&#8220;typcn typcn-adjust-brightness&#8220; i_icon_entypo=&#8220;entypo-icon entypo-icon-note&#8220;&hellip;","og_url":"https:\/\/www.manigoo.com\/events\/","og_site_name":"manigoo events","article_modified_time":"2016-07-19T22:22:40+00:00","twitter_card":"summary_large_image","twitter_misc":{"Gesch\u00e4tzte Lesezeit":"1\u00a0Minute"},"schema":{"@context":"https:\/\/schema.org","@graph":[{"@type":"WebPage","@id":"https:\/\/www.manigoo.com\/events\/","url":"https:\/\/www.manigoo.com\/events\/","name":"homepage - manigoo events","isPartOf":{"@id":"https:\/\/www.manigoo.com\/events\/#website"},"datePublished":"2014-11-28T18:26:25+00:00","dateModified":"2016-07-19T22:22:40+00:00","breadcrumb":{"@id":"https:\/\/www.manigoo.com\/events\/#breadcrumb"},"inLanguage":"de","potentialAction":[{"@type":"ReadAction","target":["https:\/\/www.manigoo.com\/events\/"]}]},{"@type":"BreadcrumbList","@id":"https:\/\/www.manigoo.com\/events\/#breadcrumb","itemListElement":[{"@type":"ListItem","position":1,"name":"Startseite","item":"https:\/\/www.manigoo.com\/events\/"},{"@type":"ListItem","position":2,"name":"homepage"}]},{"@type":"WebSite","@id":"https:\/\/www.manigoo.com\/events\/#website","url":"https:\/\/www.manigoo.com\/events\/","name":"MANIGOO Events","description":"Events, Fashion Shows &amp; Event Professionals","publisher":{"@id":"https:\/\/www.manigoo.com\/events\/#organization"},"alternateName":"MANIGOO","potentialAction":[{"@type":"SearchAction","target":{"@type":"EntryPoint","urlTemplate":"https:\/\/www.manigoo.com\/events\/?s={search_term_string}"},"query-input":{"@type":"PropertyValueSpecification","valueRequired":true,"valueName":"search_term_string"}}],"inLanguage":"de"},{"@type":"Organization","@id":"https:\/\/www.manigoo.com\/events\/#organization","name":"MANIGOO Events","url":"https:\/\/www.manigoo.com\/events\/","logo":{"@type":"ImageObject","inLanguage":"de","@id":"https:\/\/www.manigoo.com\/events\/#\/schema\/logo\/image\/","url":"https:\/\/www.manigoo.com\/events\/wp-content\/uploads\/sites\/3\/2020\/07\/Logo_manigoo_2015_quadrat_kl.jpg","contentUrl":"https:\/\/www.manigoo.com\/events\/wp-content\/uploads\/sites\/3\/2020\/07\/Logo_manigoo_2015_quadrat_kl.jpg","width":250,"height":250,"caption":"MANIGOO Events"},"image":{"@id":"https:\/\/www.manigoo.com\/events\/#\/schema\/logo\/image\/"}}]}},"_links":{"self":[{"href":"https:\/\/www.manigoo.com\/events\/wp-json\/wp\/v2\/pages\/39","targetHints":{"allow":["GET"]}}],"collection":[{"href":"https:\/\/www.manigoo.com\/events\/wp-json\/wp\/v2\/pages"}],"about":[{"href":"https:\/\/www.manigoo.com\/events\/wp-json\/wp\/v2\/types\/page"}],"author":[{"embeddable":true,"href":"https:\/\/www.manigoo.com\/events\/wp-json\/wp\/v2\/users\/2"}],"replies":[{"embeddable":true,"href":"https:\/\/www.manigoo.com\/events\/wp-json\/wp\/v2\/comments?post=39"}],"version-history":[{"count":5,"href":"https:\/\/www.manigoo.com\/events\/wp-json\/wp\/v2\/pages\/39\/revisions"}],"predecessor-version":[{"id":829,"href":"https:\/\/www.manigoo.com\/events\/wp-json\/wp\/v2\/pages\/39\/revisions\/829"}],"wp:attachment":[{"href":"https:\/\/www.manigoo.com\/events\/wp-json\/wp\/v2\/media?parent=39"}],"curies":[{"name":"wp","href":"https:\/\/api.w.org\/{rel}","templated":true}]}}