{"id":5642,"date":"2023-11-30T08:08:18","date_gmt":"2023-11-30T07:08:18","guid":{"rendered":"https:\/\/www.manigoo.com\/events\/?page_id=5642"},"modified":"2024-01-17T12:40:12","modified_gmt":"2024-01-17T11:40:12","slug":"incoqnito-masquerade-party-presented-by-moeet-chandon","status":"publish","type":"page","link":"https:\/\/www.manigoo.com\/events\/incoqnito-masquerade-party-presented-by-moeet-chandon\/","title":{"rendered":"INCOQNITO &#8211; Masquerade Party presented by M\u00f6et &#038; Chandon"},"content":{"rendered":"<p>Wir laden ein zu unserem extravaganten und geheimnisvollen Event und entf\u00fchren unsere G\u00e4ste an diesem Abend auf eine avantgardistische MASQUERADE PARTY.<br \/>\nLos geht\u2019s um 20:30 Uhr mit Champagner von Mo\u00ebt &amp; Chandon, leckeren Drinks, den besten Beats und feinstem Urban Sound.<\/p>\n<p><strong>DATE:<\/strong> Sa 24.02.24<br \/>\n<strong>TIME:<\/strong> 20:30 Uhr<br \/>\n<strong>LOCATION:<\/strong> Gutshof Ladenburg | Schriesheimer Str. | 68526 Ladenburg<br \/>\n<strong>DJ\/ MUSIC:<\/strong> DJ Rockman &amp; DJ L\u00e9cio\/ Mixed Music &amp; Urban Sounds<br \/>\n<strong>DRESSCODE:<\/strong> Chic &amp; Maske erw\u00fcnscht<br \/>\n<strong>EINTRITT:<\/strong> VVK 49.- Euro<br \/>\n<a href=\"https:\/\/diginights.com\/event\/2024-02-24-incoqnito-masquerade-party-presented-by-moet-chandon-gutshof-ladenburg\" target=\"_blank\" rel=\"noopener\"><strong>TICKETS HIER<\/strong><\/a><\/p>\n<p>FAQ<br \/>\nFRAGEN ZUR VERANSTALTUNG AM 24.02.2024<\/p>\n<p>Was erwartet mich auf der Party am 24.02.2024?<br \/>\n<em>Ein besonderer Maskenball \u2013 oder sagen wir lieber eine avantgardistische Masken-Party \u2013 in einem geheimnisvollen Ambiente mit einem G\u00e4stemix aus weltoffenen, inspirierenden, feierlustigen Menschen unterschiedlichen Alters mit Sinn f\u00fcr \u00c4sthetik und einem Faible f\u00fcr das Besondere.<\/em><br \/>\n<em>Wir feiern mit coolem DJ Sound und leckeren Drinks. Ein weiteres Event-Highlight mit Liebe zum Detail im Stil, den man von unseren White Partys und unserem Model Zirkus gewohnt ist.<\/em><\/p>\n<p>Was mich am 24.02.2024 NICHT erwartet?<br \/>\n<em>Eine Faschingsparty, bei der wir uns im Termin vergriffen haben.<\/em><br \/>\n<em>Schlagermusik.<\/em><\/p>\n<p>Was ist im Ticketpreis enthalten?<\/p>\n<p><em>&#8211; Eintritt zu unserer exklusiven Masquerade Party<\/em><br \/>\n<em>&#8211; Welcome Drink Chandon Garden Spritz<\/em><br \/>\n<em>&#8211; Free Candy<\/em><br \/>\n<em>&#8211; Kostenlose Parkpl\u00e4tze direkt an der Location<\/em><br \/>\n<em>&#8211; Garderobe<\/em><\/p>\n<p>Wie ist der Dresscode?<br \/>\n<em>Ein stylisch schickes Outfit &amp; Maske sind erw\u00fcnscht. Die Kleidung sollte zum Ambiente der Party passen. Das bedeutet f\u00fcr die Damen ein sch\u00f6nes langes Abendkleid,<\/em><br \/>\n<em>ein Cocktailkleid, ein schwarzes Outfit mit Hose oder ein Jumpsuit sind erlaubt. Auch die Herren d\u00fcrfen sich gerne in Schale werfen.<\/em><br \/>\n<em>Am Eingang gibt es die M\u00f6glichkeit, stilvolle, preiswerte Masken zu erwerben.<\/em><br \/>\n<em>Wir haben dort unterschiedliche Modelle f\u00fcr Damen &amp; Herren verf\u00fcgbar.<\/em><\/p>\n<p>Darf ich nur auf die Veranstaltung, wenn ich eine Maske tragen?<br \/>\n<em>Das Tragen einer Maske ist erw\u00fcnscht, jedoch keine Voraussetzung.<\/em><\/p>\n<p>Gibt es einen VIP Bereich?<br \/>\n<em>Ja, es wird einen VIP Bereich geben. Bitte unter info@manigoo.de anfragen und \u2013 falls noch verf\u00fcgbar \u2013 buchen.<\/em><\/p>\n<p>Gibt es auf der Veranstaltung etwas zu Essen?<br \/>\n<em>Es gibt die M\u00f6glichkeit, Kleinigkeiten vor Ort zu kaufen.<\/em><\/p>\n<p>Wie kann ich eine VIP Tisch buchen?<br \/>\n<em>Tische im VIP Bereich inkl. Eintritt sind unter info@manigoo.de anzufragen.<\/em><\/p>\n<p>Gibt es eine Garderobe?<br \/>\nJ<em>a, Ihre Jacken &amp; M\u00e4ntel k\u00f6nnen bei uns kostenlos an der Garderobe abgegeben werden. (F\u00fcr Garderobe \u00fcbernehmen wir keine Haftung).<\/em><\/p>\n<p>Gibt es Parkpl\u00e4tze vor Ort?<br \/>\n<em>Es gibt ausreichend kostenlose Parkm\u00f6glichkeiten vor der Location.<\/em><\/p>\n<p>An wen muss ich mich wenden, wenn ich Partner der Veranstaltung werden m\u00f6chte?<br \/>\n<em>Wir freuen uns \u00fcber Ihre Kontaktaufnahme mit Ihrem Anliegen unter info@manigoo.de<\/em><\/p>\n","protected":false},"excerpt":{"rendered":"<p>Wir laden ein zu unserem extravaganten und geheimnisvollen Event und entf\u00fchren unsere G\u00e4ste an diesem Abend auf eine avantgardistische MASQUERADE PARTY. Los geht\u2019s um 20:30 Uhr mit Champagner von Mo\u00ebt &amp; Chandon, leckeren Drinks, den besten Beats und feinstem Urban Sound. DATE: Sa 24.02.24 TIME: 20:30 Uhr LOCATION: Gutshof Ladenburg | Schriesheimer Str. | 68526&hellip;<\/p>\n","protected":false},"author":3,"featured_media":0,"parent":0,"menu_order":0,"comment_status":"closed","ping_status":"closed","template":"","meta":{"footnotes":""},"class_list":["post-5642","page","type-page","status-publish","hentry","entry","no-media"],"yoast_head":"<!-- This site is optimized with the Yoast SEO plugin v27.5 - https:\/\/yoast.com\/product\/yoast-seo-wordpress\/ -->\n<title>INCOQNITO - Masquerade Party presented by M\u00f6et &amp; Chandon - manigoo events<\/title>\n<meta name=\"robots\" content=\"index, follow, max-snippet:-1, max-image-preview:large, max-video-preview:-1\" \/>\n<link rel=\"canonical\" href=\"https:\/\/www.manigoo.com\/events\/incoqnito-masquerade-party-presented-by-moeet-chandon\/\" \/>\n<meta property=\"og:locale\" content=\"de_DE\" \/>\n<meta property=\"og:type\" content=\"article\" \/>\n<meta property=\"og:title\" content=\"INCOQNITO - Masquerade Party presented by M\u00f6et &amp; Chandon - manigoo events\" \/>\n<meta property=\"og:description\" content=\"Wir laden ein zu unserem extravaganten und geheimnisvollen Event und entf\u00fchren unsere G\u00e4ste an diesem Abend auf eine avantgardistische MASQUERADE PARTY. Los geht\u2019s um 20:30 Uhr mit Champagner von Mo\u00ebt &amp; Chandon, leckeren Drinks, den besten Beats und feinstem Urban Sound. DATE: Sa 24.02.24 TIME: 20:30 Uhr LOCATION: Gutshof Ladenburg | Schriesheimer Str. | 68526&hellip;\" \/>\n<meta property=\"og:url\" content=\"https:\/\/www.manigoo.com\/events\/incoqnito-masquerade-party-presented-by-moeet-chandon\/\" \/>\n<meta property=\"og:site_name\" content=\"manigoo events\" \/>\n<meta property=\"article:modified_time\" content=\"2024-01-17T11:40:12+00:00\" \/>\n<meta name=\"twitter:card\" content=\"summary_large_image\" \/>\n<meta name=\"twitter:label1\" content=\"Gesch\u00e4tzte Lesezeit\" \/>\n\t<meta name=\"twitter:data1\" content=\"3\u00a0Minuten\" \/>\n<script type=\"application\/ld+json\" class=\"yoast-schema-graph\">{\"@context\":\"https:\\\/\\\/schema.org\",\"@graph\":[{\"@type\":\"WebPage\",\"@id\":\"https:\\\/\\\/www.manigoo.com\\\/events\\\/incoqnito-masquerade-party-presented-by-moeet-chandon\\\/\",\"url\":\"https:\\\/\\\/www.manigoo.com\\\/events\\\/incoqnito-masquerade-party-presented-by-moeet-chandon\\\/\",\"name\":\"INCOQNITO - Masquerade Party presented by M\u00f6et & Chandon - manigoo events\",\"isPartOf\":{\"@id\":\"https:\\\/\\\/www.manigoo.com\\\/events\\\/#website\"},\"datePublished\":\"2023-11-30T07:08:18+00:00\",\"dateModified\":\"2024-01-17T11:40:12+00:00\",\"breadcrumb\":{\"@id\":\"https:\\\/\\\/www.manigoo.com\\\/events\\\/incoqnito-masquerade-party-presented-by-moeet-chandon\\\/#breadcrumb\"},\"inLanguage\":\"de\",\"potentialAction\":[{\"@type\":\"ReadAction\",\"target\":[\"https:\\\/\\\/www.manigoo.com\\\/events\\\/incoqnito-masquerade-party-presented-by-moeet-chandon\\\/\"]}]},{\"@type\":\"BreadcrumbList\",\"@id\":\"https:\\\/\\\/www.manigoo.com\\\/events\\\/incoqnito-masquerade-party-presented-by-moeet-chandon\\\/#breadcrumb\",\"itemListElement\":[{\"@type\":\"ListItem\",\"position\":1,\"name\":\"Startseite\",\"item\":\"https:\\\/\\\/www.manigoo.com\\\/events\\\/\"},{\"@type\":\"ListItem\",\"position\":2,\"name\":\"INCOQNITO &#8211; Masquerade Party&hellip;\"}]},{\"@type\":\"WebSite\",\"@id\":\"https:\\\/\\\/www.manigoo.com\\\/events\\\/#website\",\"url\":\"https:\\\/\\\/www.manigoo.com\\\/events\\\/\",\"name\":\"MANIGOO Events\",\"description\":\"Events, Fashion Shows &amp; Event Professionals\",\"publisher\":{\"@id\":\"https:\\\/\\\/www.manigoo.com\\\/events\\\/#organization\"},\"alternateName\":\"MANIGOO\",\"potentialAction\":[{\"@type\":\"SearchAction\",\"target\":{\"@type\":\"EntryPoint\",\"urlTemplate\":\"https:\\\/\\\/www.manigoo.com\\\/events\\\/?s={search_term_string}\"},\"query-input\":{\"@type\":\"PropertyValueSpecification\",\"valueRequired\":true,\"valueName\":\"search_term_string\"}}],\"inLanguage\":\"de\"},{\"@type\":\"Organization\",\"@id\":\"https:\\\/\\\/www.manigoo.com\\\/events\\\/#organization\",\"name\":\"MANIGOO Events\",\"url\":\"https:\\\/\\\/www.manigoo.com\\\/events\\\/\",\"logo\":{\"@type\":\"ImageObject\",\"inLanguage\":\"de\",\"@id\":\"https:\\\/\\\/www.manigoo.com\\\/events\\\/#\\\/schema\\\/logo\\\/image\\\/\",\"url\":\"https:\\\/\\\/www.manigoo.com\\\/events\\\/wp-content\\\/uploads\\\/sites\\\/3\\\/2020\\\/07\\\/Logo_manigoo_2015_quadrat_kl.jpg\",\"contentUrl\":\"https:\\\/\\\/www.manigoo.com\\\/events\\\/wp-content\\\/uploads\\\/sites\\\/3\\\/2020\\\/07\\\/Logo_manigoo_2015_quadrat_kl.jpg\",\"width\":250,\"height\":250,\"caption\":\"MANIGOO Events\"},\"image\":{\"@id\":\"https:\\\/\\\/www.manigoo.com\\\/events\\\/#\\\/schema\\\/logo\\\/image\\\/\"}}]}<\/script>\n<!-- \/ Yoast SEO plugin. -->","yoast_head_json":{"title":"INCOQNITO - Masquerade Party presented by M\u00f6et & Chandon - manigoo events","robots":{"index":"index","follow":"follow","max-snippet":"max-snippet:-1","max-image-preview":"max-image-preview:large","max-video-preview":"max-video-preview:-1"},"canonical":"https:\/\/www.manigoo.com\/events\/incoqnito-masquerade-party-presented-by-moeet-chandon\/","og_locale":"de_DE","og_type":"article","og_title":"INCOQNITO - Masquerade Party presented by M\u00f6et & Chandon - manigoo events","og_description":"Wir laden ein zu unserem extravaganten und geheimnisvollen Event und entf\u00fchren unsere G\u00e4ste an diesem Abend auf eine avantgardistische MASQUERADE PARTY. Los geht\u2019s um 20:30 Uhr mit Champagner von Mo\u00ebt &amp; Chandon, leckeren Drinks, den besten Beats und feinstem Urban Sound. DATE: Sa 24.02.24 TIME: 20:30 Uhr LOCATION: Gutshof Ladenburg | Schriesheimer Str. | 68526&hellip;","og_url":"https:\/\/www.manigoo.com\/events\/incoqnito-masquerade-party-presented-by-moeet-chandon\/","og_site_name":"manigoo events","article_modified_time":"2024-01-17T11:40:12+00:00","twitter_card":"summary_large_image","twitter_misc":{"Gesch\u00e4tzte Lesezeit":"3\u00a0Minuten"},"schema":{"@context":"https:\/\/schema.org","@graph":[{"@type":"WebPage","@id":"https:\/\/www.manigoo.com\/events\/incoqnito-masquerade-party-presented-by-moeet-chandon\/","url":"https:\/\/www.manigoo.com\/events\/incoqnito-masquerade-party-presented-by-moeet-chandon\/","name":"INCOQNITO - Masquerade Party presented by M\u00f6et & Chandon - manigoo events","isPartOf":{"@id":"https:\/\/www.manigoo.com\/events\/#website"},"datePublished":"2023-11-30T07:08:18+00:00","dateModified":"2024-01-17T11:40:12+00:00","breadcrumb":{"@id":"https:\/\/www.manigoo.com\/events\/incoqnito-masquerade-party-presented-by-moeet-chandon\/#breadcrumb"},"inLanguage":"de","potentialAction":[{"@type":"ReadAction","target":["https:\/\/www.manigoo.com\/events\/incoqnito-masquerade-party-presented-by-moeet-chandon\/"]}]},{"@type":"BreadcrumbList","@id":"https:\/\/www.manigoo.com\/events\/incoqnito-masquerade-party-presented-by-moeet-chandon\/#breadcrumb","itemListElement":[{"@type":"ListItem","position":1,"name":"Startseite","item":"https:\/\/www.manigoo.com\/events\/"},{"@type":"ListItem","position":2,"name":"INCOQNITO &#8211; Masquerade Party&hellip;"}]},{"@type":"WebSite","@id":"https:\/\/www.manigoo.com\/events\/#website","url":"https:\/\/www.manigoo.com\/events\/","name":"MANIGOO Events","description":"Events, Fashion Shows &amp; Event Professionals","publisher":{"@id":"https:\/\/www.manigoo.com\/events\/#organization"},"alternateName":"MANIGOO","potentialAction":[{"@type":"SearchAction","target":{"@type":"EntryPoint","urlTemplate":"https:\/\/www.manigoo.com\/events\/?s={search_term_string}"},"query-input":{"@type":"PropertyValueSpecification","valueRequired":true,"valueName":"search_term_string"}}],"inLanguage":"de"},{"@type":"Organization","@id":"https:\/\/www.manigoo.com\/events\/#organization","name":"MANIGOO Events","url":"https:\/\/www.manigoo.com\/events\/","logo":{"@type":"ImageObject","inLanguage":"de","@id":"https:\/\/www.manigoo.com\/events\/#\/schema\/logo\/image\/","url":"https:\/\/www.manigoo.com\/events\/wp-content\/uploads\/sites\/3\/2020\/07\/Logo_manigoo_2015_quadrat_kl.jpg","contentUrl":"https:\/\/www.manigoo.com\/events\/wp-content\/uploads\/sites\/3\/2020\/07\/Logo_manigoo_2015_quadrat_kl.jpg","width":250,"height":250,"caption":"MANIGOO Events"},"image":{"@id":"https:\/\/www.manigoo.com\/events\/#\/schema\/logo\/image\/"}}]}},"_links":{"self":[{"href":"https:\/\/www.manigoo.com\/events\/wp-json\/wp\/v2\/pages\/5642","targetHints":{"allow":["GET"]}}],"collection":[{"href":"https:\/\/www.manigoo.com\/events\/wp-json\/wp\/v2\/pages"}],"about":[{"href":"https:\/\/www.manigoo.com\/events\/wp-json\/wp\/v2\/types\/page"}],"author":[{"embeddable":true,"href":"https:\/\/www.manigoo.com\/events\/wp-json\/wp\/v2\/users\/3"}],"replies":[{"embeddable":true,"href":"https:\/\/www.manigoo.com\/events\/wp-json\/wp\/v2\/comments?post=5642"}],"version-history":[{"count":6,"href":"https:\/\/www.manigoo.com\/events\/wp-json\/wp\/v2\/pages\/5642\/revisions"}],"predecessor-version":[{"id":5658,"href":"https:\/\/www.manigoo.com\/events\/wp-json\/wp\/v2\/pages\/5642\/revisions\/5658"}],"wp:attachment":[{"href":"https:\/\/www.manigoo.com\/events\/wp-json\/wp\/v2\/media?parent=5642"}],"curies":[{"name":"wp","href":"https:\/\/api.w.org\/{rel}","templated":true}]}}