{"id":772,"date":"2015-04-05T23:08:37","date_gmt":"2015-04-05T21:08:37","guid":{"rendered":"http:\/\/www.manigoo.com\/events\/?page_id=772"},"modified":"2025-07-23T17:59:48","modified_gmt":"2025-07-23T16:59:48","slug":"impressum","status":"publish","type":"page","link":"https:\/\/www.manigoo.com\/events\/impressum\/","title":{"rendered":"Impressum"},"content":{"rendered":"[vc_row][vc_column][vc_column_text]\n<h2><span style=\"font-family: arial, helvetica, sans-serif;\">Angaben gem\u00e4\u00df \u00a7 5 TMG:<\/span><\/h2>\n<p><span style=\"font-family: arial, helvetica, sans-serif;\">MANIGOO<br \/>\n<\/span><span style=\"font-family: arial, helvetica, sans-serif;\">Marion Schneider<br \/>\n<\/span><span style=\"font-family: arial, helvetica, sans-serif;\">Modelagentur<br \/>\n<\/span><span style=\"font-family: arial, helvetica, sans-serif;\">Industriestra\u00dfe 35<br \/>\n<\/span><span style=\"font-family: arial, helvetica, sans-serif;\">68169 Mannheim<\/span><\/p>\n<h2><span style=\"font-family: arial, helvetica, sans-serif;\">Kontakt:<\/span><\/h2>\n<table>\n<tbody>\n<tr>\n<td><span style=\"font-family: arial, helvetica, sans-serif;\">Telefon:<\/span><\/td>\n<td><span style=\"font-family: arial, helvetica, sans-serif;\">+49 621 \/ 1218 2540<\/span><\/td>\n<\/tr>\n<tr>\n<td><span style=\"font-family: arial, helvetica, sans-serif;\">Telefax:<\/span><\/td>\n<td><span style=\"font-family: arial, helvetica, sans-serif;\">+49 621 \/ 1218 2548<\/span><\/td>\n<\/tr>\n<tr>\n<td><span style=\"font-family: arial, helvetica, sans-serif;\">E-Mail:<\/span><\/td>\n<td><span style=\"font-family: arial, helvetica, sans-serif;\">info@manigoo.de<\/span><\/td>\n<\/tr>\n<\/tbody>\n<\/table>\n<h2><span style=\"font-family: arial, helvetica, sans-serif;\">Umsatzsteuer-ID:<\/span><\/h2>\n<p><span style=\"font-family: arial, helvetica, sans-serif;\">Umsatzsteuer-Identifikationsnummer gem\u00e4\u00df \u00a727 a Umsatzsteuergesetz:<br \/>\n<\/span>DE222582386<\/p>\n<h2><span style=\"font-family: arial, helvetica, sans-serif;\">Verantwortlich f\u00fcr den Inhalt nach \u00a7 55 Abs. 2 RStV:<\/span><\/h2>\n<p><span style=\"font-family: arial, helvetica, sans-serif;\">Marion Schneider<br \/>\n<\/span><span style=\"font-family: arial, helvetica, sans-serif;\">Industriestr. 35<br \/>\n<\/span><span style=\"font-family: arial, helvetica, sans-serif;\">68169 Mannheim<\/span><\/p>\n<h2><span style=\"font-family: arial, helvetica, sans-serif;\">Quellenangaben f\u00fcr die verwendeten Bilder und Grafiken:<\/span><\/h2>\n<p><span style=\"font-family: arial, helvetica, sans-serif;\"><a href=\"http:\/\/www.christianborth.com\">http:\/\/www.christianborth.com<\/a><\/span><\/p>\n<p><span style=\"font-family: arial, helvetica, sans-serif;\">Quelle: <em><a href=\"http:\/\/www.e-recht24.de\/impressum-generator.html\">http:\/\/www.e-recht24.de<\/a><\/em><\/span><\/p>\n<h1><span style=\"font-family: arial, helvetica, sans-serif;\">Haftungsausschluss (Disclaimer)<\/span><\/h1>\n<p><span style=\"font-family: arial, helvetica, sans-serif;\"><strong>Haftung f\u00fcr Inhalte<\/strong><\/span><\/p>\n<p><span style=\"font-family: arial, helvetica, sans-serif;\">Als Diensteanbieter sind wir gem\u00e4\u00df \u00a7 7 Abs.1 TMG f\u00fcr eigene Inhalte auf diesen Seiten nach den allgemeinen Gesetzen verantwortlich. Nach \u00a7\u00a7 8 bis 10 TMG sind wir als Diensteanbieter jedoch nicht verpflichtet, \u00fcbermittelte oder gespeicherte fremde Informationen zu \u00fcberwachen oder nach Umst\u00e4nden zu forschen, die auf eine rechtswidrige T\u00e4tigkeit hinweisen. Verpflichtungen zur Entfernung oder Sperrung der Nutzung von Informationen nach den allgemeinen Gesetzen bleiben hiervon unber\u00fchrt. Eine diesbez\u00fcgliche Haftung ist jedoch erst ab dem Zeitpunkt der Kenntnis einer konkreten Rechtsverletzung m\u00f6glich. Bei Bekanntwerden von entsprechenden Rechtsverletzungen werden wir diese Inhalte umgehend entfernen.<\/span><\/p>\n<p><span style=\"font-family: arial, helvetica, sans-serif;\"><strong>Haftung f\u00fcr Links<\/strong><\/span><\/p>\n<p><span style=\"font-family: arial, helvetica, sans-serif;\">Unser Angebot enth\u00e4lt Links zu externen Webseiten Dritter, auf deren Inhalte wir keinen Einfluss haben. Deshalb k\u00f6nnen wir f\u00fcr diese fremden Inhalte auch keine Gew\u00e4hr \u00fcbernehmen. F\u00fcr die Inhalte der verlinkten Seiten ist stets der jeweilige Anbieter oder Betreiber der Seiten verantwortlich. Die verlinkten Seiten wurden zum Zeitpunkt der Verlinkung auf m\u00f6gliche Rechtsverst\u00f6\u00dfe \u00fcberpr\u00fcft. Rechtswidrige Inhalte waren zum Zeitpunkt der Verlinkung nicht erkennbar. Eine permanente inhaltliche Kontrolle der verlinkten Seiten ist jedoch ohne konkrete Anhaltspunkte einer Rechtsverletzung nicht zumutbar. Bei Bekanntwerden von Rechtsverletzungen werden wir derartige Links umgehend entfernen.<\/span><\/p>\n<p><span style=\"font-family: arial, helvetica, sans-serif;\"><strong>Urheberrecht<\/strong><\/span><\/p>\n<p><span style=\"font-family: arial, helvetica, sans-serif;\">Die durch die Seitenbetreiber erstellten Inhalte und Werke auf diesen Seiten unterliegen dem deutschen Urheberrecht. Die Vervielf\u00e4ltigung, Bearbeitung, Verbreitung und jede Art der Verwertung au\u00dferhalb der Grenzen des Urheberrechtes bed\u00fcrfen der schriftlichen Zustimmung des jeweiligen Autors bzw. Erstellers. Downloads und Kopien dieser Seite sind nur f\u00fcr den privaten, nicht kommerziellen Gebrauch gestattet. Soweit die Inhalte auf dieser Seite nicht vom Betreiber erstellt wurden, werden die Urheberrechte Dritter beachtet. Insbesondere werden Inhalte Dritter als solche gekennzeichnet. Sollten Sie trotzdem auf eine Urheberrechtsverletzung aufmerksam werden, bitten wir um einen entsprechenden Hinweis. Bei Bekanntwerden von Rechtsverletzungen werden wir derartige Inhalte umgehend entfernen.<\/span>[\/vc_column_text][\/vc_column][\/vc_row]\n","protected":false},"excerpt":{"rendered":"<p>[vc_row][vc_column][vc_column_text] Angaben gem\u00e4\u00df \u00a7 5 TMG: MANIGOO Marion Schneider Modelagentur Industriestra\u00dfe 35 68169 Mannheim Kontakt: Telefon: +49 621 \/ 1218 2540 Telefax: +49 621 \/ 1218 2548 E-Mail: info@manigoo.de Umsatzsteuer-ID: Umsatzsteuer-Identifikationsnummer gem\u00e4\u00df \u00a727 a Umsatzsteuergesetz: DE222582386 Verantwortlich f\u00fcr den Inhalt nach \u00a7 55 Abs. 2 RStV: Marion Schneider Industriestr. 35 68169 Mannheim Quellenangaben f\u00fcr die&hellip;<\/p>\n","protected":false},"author":2,"featured_media":0,"parent":0,"menu_order":0,"comment_status":"open","ping_status":"open","template":"","meta":{"footnotes":""},"class_list":["post-772","page","type-page","status-publish","hentry","entry","no-media"],"yoast_head":"<!-- This site is optimized with the Yoast SEO plugin v27.4 - https:\/\/yoast.com\/product\/yoast-seo-wordpress\/ -->\n<title>Impressum - manigoo events<\/title>\n<meta name=\"robots\" content=\"index, follow, max-snippet:-1, max-image-preview:large, max-video-preview:-1\" \/>\n<link rel=\"canonical\" href=\"https:\/\/www.manigoo.com\/events\/impressum\/\" \/>\n<meta property=\"og:locale\" content=\"de_DE\" \/>\n<meta property=\"og:type\" content=\"article\" \/>\n<meta property=\"og:title\" content=\"Impressum - manigoo events\" \/>\n<meta property=\"og:description\" content=\"[vc_row][vc_column][vc_column_text] Angaben gem\u00e4\u00df \u00a7 5 TMG: MANIGOO Marion Schneider Modelagentur Industriestra\u00dfe 35 68169 Mannheim Kontakt: Telefon: +49 621 \/ 1218 2540 Telefax: +49 621 \/ 1218 2548 E-Mail: info@manigoo.de Umsatzsteuer-ID: Umsatzsteuer-Identifikationsnummer gem\u00e4\u00df \u00a727 a Umsatzsteuergesetz: DE222582386 Verantwortlich f\u00fcr den Inhalt nach \u00a7 55 Abs. 2 RStV: Marion Schneider Industriestr. 35 68169 Mannheim Quellenangaben f\u00fcr die&hellip;\" \/>\n<meta property=\"og:url\" content=\"https:\/\/www.manigoo.com\/events\/impressum\/\" \/>\n<meta property=\"og:site_name\" content=\"manigoo events\" \/>\n<meta property=\"article:modified_time\" content=\"2025-07-23T16:59:48+00:00\" \/>\n<meta name=\"twitter:card\" content=\"summary_large_image\" \/>\n<meta name=\"twitter:label1\" content=\"Gesch\u00e4tzte Lesezeit\" \/>\n\t<meta name=\"twitter:data1\" content=\"2\u00a0Minuten\" \/>\n<script type=\"application\/ld+json\" class=\"yoast-schema-graph\">{\"@context\":\"https:\\\/\\\/schema.org\",\"@graph\":[{\"@type\":\"WebPage\",\"@id\":\"https:\\\/\\\/www.manigoo.com\\\/events\\\/impressum\\\/\",\"url\":\"https:\\\/\\\/www.manigoo.com\\\/events\\\/impressum\\\/\",\"name\":\"Impressum - manigoo events\",\"isPartOf\":{\"@id\":\"https:\\\/\\\/www.manigoo.com\\\/events\\\/#website\"},\"datePublished\":\"2015-04-05T21:08:37+00:00\",\"dateModified\":\"2025-07-23T16:59:48+00:00\",\"breadcrumb\":{\"@id\":\"https:\\\/\\\/www.manigoo.com\\\/events\\\/impressum\\\/#breadcrumb\"},\"inLanguage\":\"de\",\"potentialAction\":[{\"@type\":\"ReadAction\",\"target\":[\"https:\\\/\\\/www.manigoo.com\\\/events\\\/impressum\\\/\"]}]},{\"@type\":\"BreadcrumbList\",\"@id\":\"https:\\\/\\\/www.manigoo.com\\\/events\\\/impressum\\\/#breadcrumb\",\"itemListElement\":[{\"@type\":\"ListItem\",\"position\":1,\"name\":\"Startseite\",\"item\":\"https:\\\/\\\/www.manigoo.com\\\/events\\\/\"},{\"@type\":\"ListItem\",\"position\":2,\"name\":\"Impressum\"}]},{\"@type\":\"WebSite\",\"@id\":\"https:\\\/\\\/www.manigoo.com\\\/events\\\/#website\",\"url\":\"https:\\\/\\\/www.manigoo.com\\\/events\\\/\",\"name\":\"MANIGOO Events\",\"description\":\"Events, Fashion Shows &amp; Event Professionals\",\"publisher\":{\"@id\":\"https:\\\/\\\/www.manigoo.com\\\/events\\\/#organization\"},\"alternateName\":\"MANIGOO\",\"potentialAction\":[{\"@type\":\"SearchAction\",\"target\":{\"@type\":\"EntryPoint\",\"urlTemplate\":\"https:\\\/\\\/www.manigoo.com\\\/events\\\/?s={search_term_string}\"},\"query-input\":{\"@type\":\"PropertyValueSpecification\",\"valueRequired\":true,\"valueName\":\"search_term_string\"}}],\"inLanguage\":\"de\"},{\"@type\":\"Organization\",\"@id\":\"https:\\\/\\\/www.manigoo.com\\\/events\\\/#organization\",\"name\":\"MANIGOO Events\",\"url\":\"https:\\\/\\\/www.manigoo.com\\\/events\\\/\",\"logo\":{\"@type\":\"ImageObject\",\"inLanguage\":\"de\",\"@id\":\"https:\\\/\\\/www.manigoo.com\\\/events\\\/#\\\/schema\\\/logo\\\/image\\\/\",\"url\":\"https:\\\/\\\/www.manigoo.com\\\/events\\\/wp-content\\\/uploads\\\/sites\\\/3\\\/2020\\\/07\\\/Logo_manigoo_2015_quadrat_kl.jpg\",\"contentUrl\":\"https:\\\/\\\/www.manigoo.com\\\/events\\\/wp-content\\\/uploads\\\/sites\\\/3\\\/2020\\\/07\\\/Logo_manigoo_2015_quadrat_kl.jpg\",\"width\":250,\"height\":250,\"caption\":\"MANIGOO Events\"},\"image\":{\"@id\":\"https:\\\/\\\/www.manigoo.com\\\/events\\\/#\\\/schema\\\/logo\\\/image\\\/\"}}]}<\/script>\n<!-- \/ Yoast SEO plugin. -->","yoast_head_json":{"title":"Impressum - manigoo events","robots":{"index":"index","follow":"follow","max-snippet":"max-snippet:-1","max-image-preview":"max-image-preview:large","max-video-preview":"max-video-preview:-1"},"canonical":"https:\/\/www.manigoo.com\/events\/impressum\/","og_locale":"de_DE","og_type":"article","og_title":"Impressum - manigoo events","og_description":"[vc_row][vc_column][vc_column_text] Angaben gem\u00e4\u00df \u00a7 5 TMG: MANIGOO Marion Schneider Modelagentur Industriestra\u00dfe 35 68169 Mannheim Kontakt: Telefon: +49 621 \/ 1218 2540 Telefax: +49 621 \/ 1218 2548 E-Mail: info@manigoo.de Umsatzsteuer-ID: Umsatzsteuer-Identifikationsnummer gem\u00e4\u00df \u00a727 a Umsatzsteuergesetz: DE222582386 Verantwortlich f\u00fcr den Inhalt nach \u00a7 55 Abs. 2 RStV: Marion Schneider Industriestr. 35 68169 Mannheim Quellenangaben f\u00fcr die&hellip;","og_url":"https:\/\/www.manigoo.com\/events\/impressum\/","og_site_name":"manigoo events","article_modified_time":"2025-07-23T16:59:48+00:00","twitter_card":"summary_large_image","twitter_misc":{"Gesch\u00e4tzte Lesezeit":"2\u00a0Minuten"},"schema":{"@context":"https:\/\/schema.org","@graph":[{"@type":"WebPage","@id":"https:\/\/www.manigoo.com\/events\/impressum\/","url":"https:\/\/www.manigoo.com\/events\/impressum\/","name":"Impressum - manigoo events","isPartOf":{"@id":"https:\/\/www.manigoo.com\/events\/#website"},"datePublished":"2015-04-05T21:08:37+00:00","dateModified":"2025-07-23T16:59:48+00:00","breadcrumb":{"@id":"https:\/\/www.manigoo.com\/events\/impressum\/#breadcrumb"},"inLanguage":"de","potentialAction":[{"@type":"ReadAction","target":["https:\/\/www.manigoo.com\/events\/impressum\/"]}]},{"@type":"BreadcrumbList","@id":"https:\/\/www.manigoo.com\/events\/impressum\/#breadcrumb","itemListElement":[{"@type":"ListItem","position":1,"name":"Startseite","item":"https:\/\/www.manigoo.com\/events\/"},{"@type":"ListItem","position":2,"name":"Impressum"}]},{"@type":"WebSite","@id":"https:\/\/www.manigoo.com\/events\/#website","url":"https:\/\/www.manigoo.com\/events\/","name":"MANIGOO Events","description":"Events, Fashion Shows &amp; Event Professionals","publisher":{"@id":"https:\/\/www.manigoo.com\/events\/#organization"},"alternateName":"MANIGOO","potentialAction":[{"@type":"SearchAction","target":{"@type":"EntryPoint","urlTemplate":"https:\/\/www.manigoo.com\/events\/?s={search_term_string}"},"query-input":{"@type":"PropertyValueSpecification","valueRequired":true,"valueName":"search_term_string"}}],"inLanguage":"de"},{"@type":"Organization","@id":"https:\/\/www.manigoo.com\/events\/#organization","name":"MANIGOO Events","url":"https:\/\/www.manigoo.com\/events\/","logo":{"@type":"ImageObject","inLanguage":"de","@id":"https:\/\/www.manigoo.com\/events\/#\/schema\/logo\/image\/","url":"https:\/\/www.manigoo.com\/events\/wp-content\/uploads\/sites\/3\/2020\/07\/Logo_manigoo_2015_quadrat_kl.jpg","contentUrl":"https:\/\/www.manigoo.com\/events\/wp-content\/uploads\/sites\/3\/2020\/07\/Logo_manigoo_2015_quadrat_kl.jpg","width":250,"height":250,"caption":"MANIGOO Events"},"image":{"@id":"https:\/\/www.manigoo.com\/events\/#\/schema\/logo\/image\/"}}]}},"_links":{"self":[{"href":"https:\/\/www.manigoo.com\/events\/wp-json\/wp\/v2\/pages\/772","targetHints":{"allow":["GET"]}}],"collection":[{"href":"https:\/\/www.manigoo.com\/events\/wp-json\/wp\/v2\/pages"}],"about":[{"href":"https:\/\/www.manigoo.com\/events\/wp-json\/wp\/v2\/types\/page"}],"author":[{"embeddable":true,"href":"https:\/\/www.manigoo.com\/events\/wp-json\/wp\/v2\/users\/2"}],"replies":[{"embeddable":true,"href":"https:\/\/www.manigoo.com\/events\/wp-json\/wp\/v2\/comments?post=772"}],"version-history":[{"count":12,"href":"https:\/\/www.manigoo.com\/events\/wp-json\/wp\/v2\/pages\/772\/revisions"}],"predecessor-version":[{"id":6773,"href":"https:\/\/www.manigoo.com\/events\/wp-json\/wp\/v2\/pages\/772\/revisions\/6773"}],"wp:attachment":[{"href":"https:\/\/www.manigoo.com\/events\/wp-json\/wp\/v2\/media?parent=772"}],"curies":[{"name":"wp","href":"https:\/\/api.w.org\/{rel}","templated":true}]}}